{"id":47307,"date":"2026-01-19T10:54:20","date_gmt":"2026-01-19T09:54:20","guid":{"rendered":"https:\/\/www.vilaweb.cat\/botiga\/?post_type=product&#038;p=47307"},"modified":"2026-04-08T16:34:26","modified_gmt":"2026-04-08T14:34:26","slug":"guia-de-les-criatures-fantastiques","status":"publish","type":"product","link":"https:\/\/www.vilaweb.cat\/botiga\/producte\/guia-de-les-criatures-fantastiques\/","title":{"rendered":"Guia de les criatures fant\u00e0stiques catalanes"},"content":{"rendered":"<p>On podem trobar les principals criatures fant\u00e0stiques del pa\u00eds? D&#8217;on sorgeixen? Quins poders tenen? Quins s\u00f3n els seus punts febles? Aquest llibre \u00e9s el compendi m\u00e9s important dels protagonistes de la mitologia catalana, i ens els presenta m\u00e9s llaminers, divertits i a vegades terror\u00edfics que mai. M\u00e9s de 150 criatures que protagonitzen els nostres somnis. La guia definitiva de l&#8217;imaginari catal\u00e0!<\/p>\n","protected":false},"excerpt":{"rendered":"<p>AUTOR: Padilla, Maria (il. ) Prats, Joan De Deu<br \/>\nISBN: 9788410161900<br \/>\nEDICI\u00d3: 1a<br \/>\nENQUADERNACI\u00d3: Tapa r\u00fastica<br \/>\nFORMAT: 22 cm x 18 cm<br \/>\nP\u00c0GINES: 256<br \/>\nIDIOMA: Catal\u00e0<\/p>\n","protected":false},"featured_media":47310,"template":"","meta":[],"product_cat":[18,45],"product_tag":[],"_links":{"self":[{"href":"https:\/\/www.vilaweb.cat\/botiga\/wp-json\/wp\/v2\/product\/47307"}],"collection":[{"href":"https:\/\/www.vilaweb.cat\/botiga\/wp-json\/wp\/v2\/product"}],"about":[{"href":"https:\/\/www.vilaweb.cat\/botiga\/wp-json\/wp\/v2\/types\/product"}],"wp:featuredmedia":[{"embeddable":true,"href":"https:\/\/www.vilaweb.cat\/botiga\/wp-json\/wp\/v2\/media\/47310"}],"wp:attachment":[{"href":"https:\/\/www.vilaweb.cat\/botiga\/wp-json\/wp\/v2\/media?parent=47307"}],"wp:term":[{"taxonomy":"product_cat","embeddable":true,"href":"https:\/\/www.vilaweb.cat\/botiga\/wp-json\/wp\/v2\/product_cat?post=47307"},{"taxonomy":"product_tag","embeddable":true,"href":"https:\/\/www.vilaweb.cat\/botiga\/wp-json\/wp\/v2\/product_tag?post=47307"}],"curies":[{"name":"wp","href":"https:\/\/api.w.org\/{rel}","templated":true}]}}