{"id":4696,"date":"2019-03-08T13:35:50","date_gmt":"2019-03-08T12:35:50","guid":{"rendered":"https:\/\/www.vilaweb.cat\/botiga\/?post_type=product&#038;p=4696"},"modified":"2026-01-16T19:24:32","modified_gmt":"2026-01-16T18:24:32","slug":"els-verbs-conjugats","status":"publish","type":"product","link":"https:\/\/www.vilaweb.cat\/botiga\/producte\/els-verbs-conjugats\/","title":{"rendered":"Els verbs conjugats"},"content":{"rendered":"<p><strong>Aquest \u00e9s un llibre de consulta r\u00e0pida de la conjugaci\u00f3 dels verbs catalans.\u00a0<\/strong>La conjungaci\u00f3 dels m\u00e9s de 8.800 verbs inclosos en el DIEC. Incorpora la darrera normativa de l&#8217;IEC.<\/p>\n<p>Qualsevol dubte que se li pugui presentar a l\u2019usuari sobre qualsevol verb, el podr\u00e0 resoldre amb aquest petit llibret. Com? Consultant en l\u2019\u00edndex de verbs el verb que li interessi; el n\u00famero del costat el remetr\u00e0 al verb model segons el qual es conjuga. Nom\u00e9s cal fer la comparaci\u00f3 entre el verb que es busca i el seu model i el dubte estar\u00e0 resolt.<\/p>\n<p><strong>Els 120 models de conjugaci\u00f3 d\u2019aquest manual reflecteixen totes les variacions possibles que es poden trobar amb la flexi\u00f3 verbal, sense haver d\u2019acudir a notes a peu de p\u00e0gina.<\/strong><\/p>\n","protected":false},"excerpt":{"rendered":"<p>Joan Baptista Xuriguera<\/p>\n","protected":false},"featured_media":4698,"template":"","meta":[],"product_cat":[427,18,48],"product_tag":[],"_links":{"self":[{"href":"https:\/\/www.vilaweb.cat\/botiga\/wp-json\/wp\/v2\/product\/4696"}],"collection":[{"href":"https:\/\/www.vilaweb.cat\/botiga\/wp-json\/wp\/v2\/product"}],"about":[{"href":"https:\/\/www.vilaweb.cat\/botiga\/wp-json\/wp\/v2\/types\/product"}],"wp:featuredmedia":[{"embeddable":true,"href":"https:\/\/www.vilaweb.cat\/botiga\/wp-json\/wp\/v2\/media\/4698"}],"wp:attachment":[{"href":"https:\/\/www.vilaweb.cat\/botiga\/wp-json\/wp\/v2\/media?parent=4696"}],"wp:term":[{"taxonomy":"product_cat","embeddable":true,"href":"https:\/\/www.vilaweb.cat\/botiga\/wp-json\/wp\/v2\/product_cat?post=4696"},{"taxonomy":"product_tag","embeddable":true,"href":"https:\/\/www.vilaweb.cat\/botiga\/wp-json\/wp\/v2\/product_tag?post=4696"}],"curies":[{"name":"wp","href":"https:\/\/api.w.org\/{rel}","templated":true}]}}