{"id":4685,"date":"2019-03-08T12:56:19","date_gmt":"2019-03-08T11:56:19","guid":{"rendered":"https:\/\/www.vilaweb.cat\/botiga\/?post_type=product&#038;p=4685"},"modified":"2024-04-23T11:58:02","modified_gmt":"2024-04-23T09:58:02","slug":"samarreta-infantil-soc-petita-pero-valenta","status":"publish","type":"product","link":"https:\/\/www.vilaweb.cat\/botiga\/producte\/samarreta-infantil-soc-petita-pero-valenta\/","title":{"rendered":"Samarreta infantil &#8216;S\u00f3c petita per\u00f2 valenta&#8217;"},"content":{"rendered":"","protected":false},"excerpt":{"rendered":"<p>Samarreta infantil de cot\u00f3 en color taronja amb el dibuix d&#8217;una nena amb un drac i el lema &#8216;S\u00f3c petita per\u00f2 valenta&#8217;.<\/p>\n","protected":false},"featured_media":4686,"template":"","meta":[],"product_cat":[284,288],"product_tag":[],"_links":{"self":[{"href":"https:\/\/www.vilaweb.cat\/botiga\/wp-json\/wp\/v2\/product\/4685"}],"collection":[{"href":"https:\/\/www.vilaweb.cat\/botiga\/wp-json\/wp\/v2\/product"}],"about":[{"href":"https:\/\/www.vilaweb.cat\/botiga\/wp-json\/wp\/v2\/types\/product"}],"wp:featuredmedia":[{"embeddable":true,"href":"https:\/\/www.vilaweb.cat\/botiga\/wp-json\/wp\/v2\/media\/4686"}],"wp:attachment":[{"href":"https:\/\/www.vilaweb.cat\/botiga\/wp-json\/wp\/v2\/media?parent=4685"}],"wp:term":[{"taxonomy":"product_cat","embeddable":true,"href":"https:\/\/www.vilaweb.cat\/botiga\/wp-json\/wp\/v2\/product_cat?post=4685"},{"taxonomy":"product_tag","embeddable":true,"href":"https:\/\/www.vilaweb.cat\/botiga\/wp-json\/wp\/v2\/product_tag?post=4685"}],"curies":[{"name":"wp","href":"https:\/\/api.w.org\/{rel}","templated":true}]}}