{"id":46660,"date":"2025-12-24T14:26:48","date_gmt":"2025-12-24T13:26:48","guid":{"rendered":"https:\/\/www.vilaweb.cat\/botiga\/?post_type=product&#038;p=46660"},"modified":"2026-01-09T18:41:28","modified_gmt":"2026-01-09T17:41:28","slug":"gastar-diners","status":"publish","type":"product","link":"https:\/\/www.vilaweb.cat\/botiga\/producte\/gastar-diners\/","title":{"rendered":"Gastar diners"},"content":{"rendered":"<div class=\"col-lg-9\">\n<div class=\"row\">\n<div class=\"col-sinopsis\">\n<p><strong>El manual definitiu per gastar millor i viure sense angoixes.<\/strong><\/p>\n<p>Si\u00a0<i>Fer diners\u00a0<\/i>us va ajudar a generar ingressos i estalviar, ara toca gastar diners amb seny i rauxa alhora.<\/p>\n<p>Amb l\u2019estil am\u00e8 i proper que el caracteritza, Teodor de Mas combina la seva experi\u00e8ncia personal, familiar i professional per oferir-vos un manual clar, pr\u00e0ctic i optimista per gestionar el vostre patrimoni de la millor manera possible, ja siguin inversions, habitatge, her\u00e8ncies, assegurances, lleure, cultura, temps o salut. Aquest llibre aborda tot all\u00f2 que dona sentit als vostres diners, amb criteri i una mirada a llarg termini, personal i de nissaga.<\/p>\n<p>Perqu\u00e8 viure millor no vol dir gastar m\u00e9s, sin\u00f3 fer que cada euro compti i tenir temps, perqu\u00e8 nom\u00e9s aix\u00ed la vida ser\u00e0 plena del tot.<\/p>\n<\/div>\n<\/div>\n<\/div>\n","protected":false},"excerpt":{"rendered":"<p>AUTOR: Mas Valls, Teodor De<br \/>\nISBN: 9788466434133<br \/>\nEDICI\u00d3: 1a<br \/>\nENQUADERNACI\u00d3: Tapa r\u00fastica<br \/>\nFORMAT: 23 cm x 15 cm<br \/>\nP\u00c0GINES: 320<br \/>\nIDIOMA: Catal\u00e0<\/p>\n","protected":false},"featured_media":46661,"template":"","meta":[],"product_cat":[42,18],"product_tag":[],"_links":{"self":[{"href":"https:\/\/www.vilaweb.cat\/botiga\/wp-json\/wp\/v2\/product\/46660"}],"collection":[{"href":"https:\/\/www.vilaweb.cat\/botiga\/wp-json\/wp\/v2\/product"}],"about":[{"href":"https:\/\/www.vilaweb.cat\/botiga\/wp-json\/wp\/v2\/types\/product"}],"wp:featuredmedia":[{"embeddable":true,"href":"https:\/\/www.vilaweb.cat\/botiga\/wp-json\/wp\/v2\/media\/46661"}],"wp:attachment":[{"href":"https:\/\/www.vilaweb.cat\/botiga\/wp-json\/wp\/v2\/media?parent=46660"}],"wp:term":[{"taxonomy":"product_cat","embeddable":true,"href":"https:\/\/www.vilaweb.cat\/botiga\/wp-json\/wp\/v2\/product_cat?post=46660"},{"taxonomy":"product_tag","embeddable":true,"href":"https:\/\/www.vilaweb.cat\/botiga\/wp-json\/wp\/v2\/product_tag?post=46660"}],"curies":[{"name":"wp","href":"https:\/\/api.w.org\/{rel}","templated":true}]}}