{"id":46658,"date":"2025-12-24T14:23:26","date_gmt":"2025-12-24T13:23:26","guid":{"rendered":"https:\/\/www.vilaweb.cat\/botiga\/?post_type=product&#038;p=46658"},"modified":"2026-01-28T17:37:09","modified_gmt":"2026-01-28T16:37:09","slug":"el-pa-dels-angels","status":"publish","type":"product","link":"https:\/\/www.vilaweb.cat\/botiga\/producte\/el-pa-dels-angels\/","title":{"rendered":"El pa dels angels"},"content":{"rendered":"<div class=\"col-lg-9\">\n<div class=\"row\">\n<div class=\"col-sinopsis\">\n<p>El record immaculat d\u2019uns gestos bondadosos no premeditats\u201d: aix\u00f2 \u00e9s el pa dels \u00e0ngels, l\u2019or que busca Patti Smith en aquestes mem\u00f2ries. Al principi hi ha una nena malaltissa que creix en cases provisionals, voltada de germans que a poc a poc formen una tropa. Els ulls ho miren tot amb avidesa i apamen les conseq\u00fc\u00e8ncies de cada gest. El m\u00fascul imaginatiu es fa cada cop m\u00e9s conscient i es compromet amb l\u2019art des del primer contacte, viscut com una trobada fundadora entre dues persones.<\/p>\n<p>Amb aquest equipatge forjat en la infantesa, Patti Smith empr\u00e8n el viatge d\u2019una vida d\u2019artista fins a les \u00faltimes conseq\u00fc\u00e8ncies. Entre les fites principals hi ha Rimbaud, l\u2019amor com a devoci\u00f3 i aventura amb l\u2019home de qui ser\u00e0 la companya per sempre, la casa on arriben els fills entre els vells salzes de Michigan, la cambra pr\u00f2pia plena de fetitxos d\u2019on raja la poesia. Hi desfila una generaci\u00f3 d\u2019artistes amb qui es teixeixen aliances s\u00f2lides com l\u2019esperan\u00e7a que els anima: la d\u2019abra\u00e7ar i destrossar una hist\u00f2ria cultural ingent, desafiant els mandats de la fama i els diners.<\/p>\n<p>El lector d\u2019aquestes mem\u00f2ries assisteix en una mena de directe encantat a les lluites, els vincles ferotges i les trag\u00e8dies \u00edntimes que fan que, des dels seus quasi vuitanta anys, Patti Smith pugui lliurar testimoni d\u2019haver complert la promesa: fidel a si mateixa, s\u2019atreveix a dir que no a tot all\u00f2 que et doblega, en un gest de rebel\u00b7lia perp\u00e8tua i de confian\u00e7a en el m\u00f3n.<\/p>\n<\/div>\n<\/div>\n<\/div>\n","protected":false},"excerpt":{"rendered":"<p>AUTOR: Smith, Patti<br \/>\nISBN: 9788473294911<br \/>\nEDICI\u00d3: 1a<br \/>\nENQUADERNACI\u00d3: Tapa r\u00fastica<br \/>\nFORMAT: 21 cm x 15 cm<br \/>\nP\u00c0GINES: 304<br \/>\nIDIOMA: Catal\u00e0<\/p>\n","protected":false},"featured_media":46659,"template":"","meta":[],"product_cat":[45,18],"product_tag":[],"_links":{"self":[{"href":"https:\/\/www.vilaweb.cat\/botiga\/wp-json\/wp\/v2\/product\/46658"}],"collection":[{"href":"https:\/\/www.vilaweb.cat\/botiga\/wp-json\/wp\/v2\/product"}],"about":[{"href":"https:\/\/www.vilaweb.cat\/botiga\/wp-json\/wp\/v2\/types\/product"}],"wp:featuredmedia":[{"embeddable":true,"href":"https:\/\/www.vilaweb.cat\/botiga\/wp-json\/wp\/v2\/media\/46659"}],"wp:attachment":[{"href":"https:\/\/www.vilaweb.cat\/botiga\/wp-json\/wp\/v2\/media?parent=46658"}],"wp:term":[{"taxonomy":"product_cat","embeddable":true,"href":"https:\/\/www.vilaweb.cat\/botiga\/wp-json\/wp\/v2\/product_cat?post=46658"},{"taxonomy":"product_tag","embeddable":true,"href":"https:\/\/www.vilaweb.cat\/botiga\/wp-json\/wp\/v2\/product_tag?post=46658"}],"curies":[{"name":"wp","href":"https:\/\/api.w.org\/{rel}","templated":true}]}}