{"id":46656,"date":"2025-12-24T14:20:39","date_gmt":"2025-12-24T13:20:39","guid":{"rendered":"https:\/\/www.vilaweb.cat\/botiga\/?post_type=product&#038;p=46656"},"modified":"2026-03-19T20:15:30","modified_gmt":"2026-03-19T19:15:30","slug":"homenatge-a-catalunya-2","status":"publish","type":"product","link":"https:\/\/www.vilaweb.cat\/botiga\/producte\/homenatge-a-catalunya-2\/","title":{"rendered":"Homenatge a Catalunya"},"content":{"rendered":"<p><b>L&#8217;edici\u00f3 definitiva de l&#8217;assaig de George Orwell sobre la Guerra Civil Espanyola, prologat per Miquel Berga i amb una nova traducci\u00f3 a c\u00e0rrec de Jordi Ainaud.<\/b><\/p>\n<p><i>Homenatge a Catalunya<\/i>\u00a0\u00e9s una obra imprescindible per con\u00e8ixer aspectes essencials de la Guerra Civil Espanyola. El relat d&#8217;Orwell ha esdevingut un testimoni \u00fanic que recull les seves experi\u00e8ncies a Barcelona i al Front d&#8217;Arag\u00f3. L&#8217;autor brit\u00e0nic va arribar el desembre del 1936 a una Barcelona en plena efervesc\u00e8ncia revolucion\u00e0ria i es va allistar de seguida a les mil\u00edcies del POUM. Va tornar del front perqu\u00e8 una bala franquista li travess\u00e0 el coll. Paradoxalment, va haver de fugir de Barcelona perseguit per les mateixes forces estalinistes que havien liquidat el dirigent del POUM Andreu Nin, despr\u00e9s dels Fets de Maig de 1937.<\/p>\n<p>Aquesta edici\u00f3 inclou la versi\u00f3 definitiva de l&#8217;obra, un pr\u00f2leg del professor i escriptor Miquel Berga, que reconstrueix amb mestratge la hist\u00f2ria editorial del llibre, i l&#8217;assaig La guerra d&#8217;Espanya en retrospectiva. Escrit per Orwell el 1942, quatre anys despr\u00e9s de la publicaci\u00f3 d&#8217;Homenatge a Catalunya, aquest assaig es llegeix ara com un text clau per entendre l&#8217;impacte que va suposar per a Orwell la viv\u00e8ncia de la guerra.<\/p>\n","protected":false},"excerpt":{"rendered":"<p>AUTOR: Orwell, George<br \/>\nISBN: 9788418196478<br \/>\nEDICI\u00d3: 1a<br \/>\nENQUADERNACI\u00d3: Tapa r\u00fastica<br \/>\nFORMAT: 21 cm x 15 cm<br \/>\nP\u00c0GINES: 300<br \/>\nIDIOMA: Catal\u00e0<\/p>\n","protected":false},"featured_media":46657,"template":"","meta":[],"product_cat":[42,18],"product_tag":[],"_links":{"self":[{"href":"https:\/\/www.vilaweb.cat\/botiga\/wp-json\/wp\/v2\/product\/46656"}],"collection":[{"href":"https:\/\/www.vilaweb.cat\/botiga\/wp-json\/wp\/v2\/product"}],"about":[{"href":"https:\/\/www.vilaweb.cat\/botiga\/wp-json\/wp\/v2\/types\/product"}],"wp:featuredmedia":[{"embeddable":true,"href":"https:\/\/www.vilaweb.cat\/botiga\/wp-json\/wp\/v2\/media\/46657"}],"wp:attachment":[{"href":"https:\/\/www.vilaweb.cat\/botiga\/wp-json\/wp\/v2\/media?parent=46656"}],"wp:term":[{"taxonomy":"product_cat","embeddable":true,"href":"https:\/\/www.vilaweb.cat\/botiga\/wp-json\/wp\/v2\/product_cat?post=46656"},{"taxonomy":"product_tag","embeddable":true,"href":"https:\/\/www.vilaweb.cat\/botiga\/wp-json\/wp\/v2\/product_tag?post=46656"}],"curies":[{"name":"wp","href":"https:\/\/api.w.org\/{rel}","templated":true}]}}