{"id":46592,"date":"2025-12-23T13:51:21","date_gmt":"2025-12-23T12:51:21","guid":{"rendered":"https:\/\/www.vilaweb.cat\/botiga\/?post_type=product&#038;p=46592"},"modified":"2025-12-29T18:38:51","modified_gmt":"2025-12-29T17:38:51","slug":"tito-on-ets","status":"publish","type":"product","link":"https:\/\/www.vilaweb.cat\/botiga\/producte\/tito-on-ets\/","title":{"rendered":"Tit\u00f3, on ets?"},"content":{"rendered":"<div id=\"product-id-11797405\" class=\"product-detail\">\n<div class=\"row\">\n<div class=\"col-lg-9\">\n<div class=\"row\">\n<div class=\"col-sinopsis\">\n<p><b>Juga a fet i amagar amb en Tit\u00f3 i en John C. amb aquest llibre regal!<\/b><\/p>\n<p><b>Apren m\u00e9s de 50 paraules de la fauna i flora catalanes mentre busques els teus personatges preferits.\u00a0\u00a0<\/b><\/p>\n<p>On \u00e9s en Tit\u00f3? En Tit\u00f3 s&#8217;ha amagat en deu escenaris t\u00edpics del territori catal\u00e0 i vol que el trobis! Busca tamb\u00e9 animals i plantes t\u00edpiques de cada escenari i apr\u00e8n com es diuen.<\/p>\n<p><b>Un llibre de format gran per jugar a fet i amagar amb en Tit\u00f3 i en John C. que encantar\u00e0 als personatges m\u00e9s estimats del SX3.\u00a0<\/b><\/p>\n<p>***<\/p>\n<p>&#8211;\u00a0<b>Llic\u00e8ncia que arrasa a les audi\u00e8ncies de 3CAT<\/b>, amb milers de visualitzacions a xarxes, i uns\u00a0<b>personatges molt estimats<\/b>\u00a0i seguits pels m\u00e9s petits.<\/p>\n<p>&#8211; Els llibres de\u00a0<b>la col\u00b7lecci\u00f3<\/b>\u00a0Les excursions d&#8217;en Tit\u00f3 tamb\u00e9 s&#8217;han convertit en\u00a0<b>un aut\u00e8ntic fenomen<\/b>.<\/p>\n<p>&#8211; Apr\u00e8n\u00a0<b>vocabulari de la fauna i flora catalana<\/b>: m\u00e9s de 50 noves paraules!<\/p>\n<p>&#8211; Format\u00a0<b>novelty de cartr\u00f3<\/b>, molt adequat per al p\u00fablic preescolar, i amb\u00a0<b>lletra maj\u00fascula<\/b> per a nens i nenes que comencen a llegir.<\/p>\n<\/div>\n<\/div>\n<\/div>\n<\/div>\n<\/div>\n<section class=\"section\"><\/section>\n","protected":false},"excerpt":{"rendered":"<p>AUTOR: Jimenez Carbo, Cristina<br \/>\nISBN: 9791387782146<br \/>\nEDICI\u00d3: 1a<br \/>\nENQUADERNACI\u00d3: Tapa r\u00fastica<br \/>\nFORMAT: 30 cm x 27 cm<br \/>\nP\u00c0GINES: 22<br \/>\nIDIOMA: Catal\u00e0<\/p>\n","protected":false},"featured_media":46593,"template":"","meta":[],"product_cat":[47,18],"product_tag":[],"_links":{"self":[{"href":"https:\/\/www.vilaweb.cat\/botiga\/wp-json\/wp\/v2\/product\/46592"}],"collection":[{"href":"https:\/\/www.vilaweb.cat\/botiga\/wp-json\/wp\/v2\/product"}],"about":[{"href":"https:\/\/www.vilaweb.cat\/botiga\/wp-json\/wp\/v2\/types\/product"}],"wp:featuredmedia":[{"embeddable":true,"href":"https:\/\/www.vilaweb.cat\/botiga\/wp-json\/wp\/v2\/media\/46593"}],"wp:attachment":[{"href":"https:\/\/www.vilaweb.cat\/botiga\/wp-json\/wp\/v2\/media?parent=46592"}],"wp:term":[{"taxonomy":"product_cat","embeddable":true,"href":"https:\/\/www.vilaweb.cat\/botiga\/wp-json\/wp\/v2\/product_cat?post=46592"},{"taxonomy":"product_tag","embeddable":true,"href":"https:\/\/www.vilaweb.cat\/botiga\/wp-json\/wp\/v2\/product_tag?post=46592"}],"curies":[{"name":"wp","href":"https:\/\/api.w.org\/{rel}","templated":true}]}}