{"id":46581,"date":"2025-12-23T13:05:31","date_gmt":"2025-12-23T12:05:31","guid":{"rendered":"https:\/\/www.vilaweb.cat\/botiga\/?post_type=product&#038;p=46581"},"modified":"2026-01-05T17:45:15","modified_gmt":"2026-01-05T16:45:15","slug":"crims-el-lloc-del-crim","status":"publish","type":"product","link":"https:\/\/www.vilaweb.cat\/botiga\/producte\/crims-el-lloc-del-crim\/","title":{"rendered":"Crims. El lloc del crim"},"content":{"rendered":"<p><b>El millor\u00a0<\/b><i><b>true crime<\/b><\/i><b>\u00a0en catal\u00e0.<\/b><\/p>\n<p>El lloc del crim aplega quinze hist\u00f2ries que van sacsejar les vides de les v\u00edctimes i dels seus entorns a pobles i ciutats de Catalunya en les darreres d\u00e8cades. Van ser publicades originalment en altres volums de\u00a0<i>Crims<\/i>:\u00a0<i>Tot el que llegireu \u00e9s real<\/i>\u00a0(2020),\u00a0<i>Llum a la foscor<\/i>\u00a0(2022) i\u00a0<i>Pecats capitals<\/i>\u00a0(2023).<\/p>\n<p>Llegint-les, descobrim la fragilitat de les nostres exist\u00e8ncies i com, a qualsevol indret del pa\u00eds, de Figueres a Alcanar, de Lleida a Lloret, pot tenir lloc un drama: des del crim de la nit de carnaval a Ulldecona fins al robatori dels germans \u00d2rrit, des de la bala fantasma de Can Morgat fins a la llauna de Coca-Cola d&#8217;Alcanar.<\/p>\n<p>Cinc anys despr\u00e9s de la primera publicaci\u00f3 dels relats de Crims, convertits en un fenomen editorial que ha captivat milers de lectors, aquesta edici\u00f3 permet reviure unes hist\u00f2ries constru\u00efdes amb ritme narratiu, amb rigor period\u00edstic i amb respecte cap a les v\u00edctimes. S\u00f3n l&#8217;exemple del millor true crime en catal\u00e0.<\/p>\n","protected":false},"excerpt":{"rendered":"<p>AUTOR: Porta, Carles<br \/>\nISBN: 9791387564049<br \/>\nEDICI\u00d3: 1a<br \/>\nENQUADERNACI\u00d3: Tapa r\u00fastica<br \/>\nFORMAT: 23 cm x 15 cm<br \/>\nP\u00c0GINES: 536<br \/>\nIDIOMA: Catal\u00e0<\/p>\n","protected":false},"featured_media":46582,"template":"","meta":[],"product_cat":[45,18],"product_tag":[],"_links":{"self":[{"href":"https:\/\/www.vilaweb.cat\/botiga\/wp-json\/wp\/v2\/product\/46581"}],"collection":[{"href":"https:\/\/www.vilaweb.cat\/botiga\/wp-json\/wp\/v2\/product"}],"about":[{"href":"https:\/\/www.vilaweb.cat\/botiga\/wp-json\/wp\/v2\/types\/product"}],"wp:featuredmedia":[{"embeddable":true,"href":"https:\/\/www.vilaweb.cat\/botiga\/wp-json\/wp\/v2\/media\/46582"}],"wp:attachment":[{"href":"https:\/\/www.vilaweb.cat\/botiga\/wp-json\/wp\/v2\/media?parent=46581"}],"wp:term":[{"taxonomy":"product_cat","embeddable":true,"href":"https:\/\/www.vilaweb.cat\/botiga\/wp-json\/wp\/v2\/product_cat?post=46581"},{"taxonomy":"product_tag","embeddable":true,"href":"https:\/\/www.vilaweb.cat\/botiga\/wp-json\/wp\/v2\/product_tag?post=46581"}],"curies":[{"name":"wp","href":"https:\/\/api.w.org\/{rel}","templated":true}]}}