{"id":46579,"date":"2025-12-23T13:02:52","date_gmt":"2025-12-23T12:02:52","guid":{"rendered":"https:\/\/www.vilaweb.cat\/botiga\/?post_type=product&#038;p=46579"},"modified":"2026-01-31T11:52:25","modified_gmt":"2026-01-31T10:52:25","slug":"barcelona-una-immersio-rapida","status":"publish","type":"product","link":"https:\/\/www.vilaweb.cat\/botiga\/producte\/barcelona-una-immersio-rapida\/","title":{"rendered":"Barcelona. Una immersio rapida"},"content":{"rendered":"<p>Una immersi\u00f3 en el passat i el present de Barcelona, i alhora una reflexi\u00f3 sobre un futur que est\u00e0 per dilucidar. Parteix de la convicci\u00f3 que la ciutat, amb m\u00e9s de dos mil anys d\u2019hist\u00f2ria, nom\u00e9s pot ser entesa si se\u2019n coneixen les arrels i els recorreguts, les tensions i els \u00e8xits, les ruptures, les continu\u00eftats i els valors que l\u2019han constru\u00eft. Successivament laietana, romana, visig\u00f2tica, franca, comtal capital de Catalunya i motor pol\u00edtic de la Corona d\u2019Arag\u00f3 ciutat inc\u00f2moda dins els imperis dels \u00c0ustria i dels Borb\u00f3 gran protagonista de la revoluci\u00f3 industrial peninsular. Moderna i modernista, republicana i revolucion\u00e0ria, europeista, democr\u00e0tica, ol\u00edmpica i oberta, ha sabut, al llarg dels segles, adaptar-se, resistir i transformar-se. En l\u2019actualitat, ciutat avan\u00e7ada i capital nacional de Catalunya. Referent econ\u00f2mica, per\u00f2 pol\u00edticament inc\u00f2moda dins de l\u2019Estat espanyol. Principal motor de la regi\u00f3 europea i mediterr\u00e0nia. S\u2019ha projectat internacionalment gr\u00e0cies a una escala urbana i social feta a mida de la ciutadania. Model de ciutat forjada pel comprom\u00eds de la ciutadania. Exemple de societat civil forta, d\u2019ajuntament col\u00b7laboratiu, de talent emprenedor i creatiu, de cultura de l\u2019esfor\u00e7, de lluita per la llibertat, de lluita per la just\u00edcia, d\u2019integraci\u00f3 de la diversitat, de cosmopolitisme.<\/p>\n","protected":false},"excerpt":{"rendered":"<p>AUTOR: Mascarell, Ferran<br \/>\nISBN: 9791387633172<br \/>\nEDICI\u00d3: 1a<br \/>\nENQUADERNACI\u00d3: Tapa r\u00fastica<br \/>\nFORMAT: 20 cm x 12 cm<br \/>\nP\u00c0GINES: 200<br \/>\nIDIOMA: Catal\u00e0<\/p>\n","protected":false},"featured_media":46580,"template":"","meta":[],"product_cat":[42,18],"product_tag":[],"_links":{"self":[{"href":"https:\/\/www.vilaweb.cat\/botiga\/wp-json\/wp\/v2\/product\/46579"}],"collection":[{"href":"https:\/\/www.vilaweb.cat\/botiga\/wp-json\/wp\/v2\/product"}],"about":[{"href":"https:\/\/www.vilaweb.cat\/botiga\/wp-json\/wp\/v2\/types\/product"}],"wp:featuredmedia":[{"embeddable":true,"href":"https:\/\/www.vilaweb.cat\/botiga\/wp-json\/wp\/v2\/media\/46580"}],"wp:attachment":[{"href":"https:\/\/www.vilaweb.cat\/botiga\/wp-json\/wp\/v2\/media?parent=46579"}],"wp:term":[{"taxonomy":"product_cat","embeddable":true,"href":"https:\/\/www.vilaweb.cat\/botiga\/wp-json\/wp\/v2\/product_cat?post=46579"},{"taxonomy":"product_tag","embeddable":true,"href":"https:\/\/www.vilaweb.cat\/botiga\/wp-json\/wp\/v2\/product_tag?post=46579"}],"curies":[{"name":"wp","href":"https:\/\/api.w.org\/{rel}","templated":true}]}}