{"id":46535,"date":"2025-12-22T18:56:26","date_gmt":"2025-12-22T17:56:26","guid":{"rendered":"https:\/\/www.vilaweb.cat\/botiga\/?post_type=product&#038;p=46535"},"modified":"2026-04-07T18:00:32","modified_gmt":"2026-04-07T16:00:32","slug":"mapa-de-cims-dels-paisos-catalans","status":"publish","type":"product","link":"https:\/\/www.vilaweb.cat\/botiga\/producte\/mapa-de-cims-dels-paisos-catalans\/","title":{"rendered":"Mapa de cims dels Pa\u00efsos Catalans"},"content":{"rendered":"<p style=\"font-weight: 400;\">Aquesta gran obra de grans dimensions (80x100cm), \u00e9s una finestra per copsar la geografia que ens defineix; tot partint dels or\u00f2nims, all\u00e0 on la llengua es fusiona amb les elevacions del relleu, per continuar copsant la disposici\u00f3 de valls, planes i illes.<\/p>\n<p style=\"font-weight: 400;\">En definitiva, desitgem que el present mapa en qu\u00e8 hem treballat plenament des de fa un parell d\u2019anys, sumant a m\u00e9s a m\u00e9s col\u00b7laboradors d&#8217;arreu del pa\u00eds per a validar tot el que veieu publicat pam a pam, esdevingui una empenta i un despertar de la curiositat per anar a rec\u00f3rrer-se, a trescar i a enfilar-se pels cims dels Pa\u00efsos Catalans.<\/p>\n<p style=\"font-weight: 400;\">Hi ha un vast territori, un h\u00e0bitat cultural que sobrepassa esquarteraments administratius, on dirigir-nos, on orientar recerca i reptes tot retrobant la identitat. La identitat dels paisatges canviants, la dels accents i parlars de la llengua com tamb\u00e9 la identitat dels top\u00f2nims empeltats a la geografia que ens agermana.<\/p>\n<p style=\"font-weight: 400;\">Con\u00e8ixer els Pa\u00efsos Catalans requereix anar-hi, anar-hi i anar-hi!<\/p>\n<p><b>Format de 80cm x 100cm, amb paper &#8220;Symbol Tatami&#8221; de 150 grams.<\/b><\/p>\n","protected":false},"excerpt":{"rendered":"<p><strong>Mapa dels cims dels Pa\u00efsos Catalans<\/strong><\/p>\n<p>Mida: 80 x 100 cm<\/p>\n","protected":false},"featured_media":46536,"template":"","meta":[],"product_cat":[306,93],"product_tag":[],"_links":{"self":[{"href":"https:\/\/www.vilaweb.cat\/botiga\/wp-json\/wp\/v2\/product\/46535"}],"collection":[{"href":"https:\/\/www.vilaweb.cat\/botiga\/wp-json\/wp\/v2\/product"}],"about":[{"href":"https:\/\/www.vilaweb.cat\/botiga\/wp-json\/wp\/v2\/types\/product"}],"wp:featuredmedia":[{"embeddable":true,"href":"https:\/\/www.vilaweb.cat\/botiga\/wp-json\/wp\/v2\/media\/46536"}],"wp:attachment":[{"href":"https:\/\/www.vilaweb.cat\/botiga\/wp-json\/wp\/v2\/media?parent=46535"}],"wp:term":[{"taxonomy":"product_cat","embeddable":true,"href":"https:\/\/www.vilaweb.cat\/botiga\/wp-json\/wp\/v2\/product_cat?post=46535"},{"taxonomy":"product_tag","embeddable":true,"href":"https:\/\/www.vilaweb.cat\/botiga\/wp-json\/wp\/v2\/product_tag?post=46535"}],"curies":[{"name":"wp","href":"https:\/\/api.w.org\/{rel}","templated":true}]}}