{"id":46179,"date":"2025-12-15T13:52:23","date_gmt":"2025-12-15T12:52:23","guid":{"rendered":"https:\/\/www.vilaweb.cat\/botiga\/?post_type=product&#038;p=46179"},"modified":"2026-01-22T12:44:53","modified_gmt":"2026-01-22T11:44:53","slug":"a-risk-cat","status":"publish","type":"product","link":"https:\/\/www.vilaweb.cat\/botiga\/producte\/a-risk-cat\/","title":{"rendered":"A Risk Cat"},"content":{"rendered":"<p>Benvinguts a la subhasta m\u00e9s esbojarrada del m\u00f3n! Un pintor exc\u00e8ntric ha creat una s\u00e8rie de quadres \u00fanics amb gats amagats, i ara \u00e9s la teva oportunitat d&#8217;aconseguir-los.<br \/>\nTreu fitxes de la bossa i suma punts, per\u00f2 vigila: si n\u2019agafes una repetida, ho perds tot!<br \/>\nRoba fitxes dels teus rivals, protegeix-te amb habilitats especials i intercanvia gats per dominar la partida.<br \/>\nQuan s\u2019acabin les fitxes, qui tingui m\u00e9s punts guanya!<br \/>\nIdeal per a fam\u00edlies, grups d\u2019amics i qualsevol que vulgui passar una bona estona entre rialles, estrat\u00e8gia i una mica de sort!<br \/>\nInstruccions:\u00a0<a href=\"https:\/\/youtu.be\/Z0k1TlrPVLU\" target=\"_blank\" rel=\"noopener\" data-saferedirecturl=\"https:\/\/www.google.com\/url?q=https:\/\/youtu.be\/Z0k1TlrPVLU&amp;source=gmail&amp;ust=1765880249504000&amp;usg=AOvVaw3kJDOGLpejneGlxF2f0IYX\">https:\/\/youtu.be\/Z0k1TlrPVLU<\/a><br \/>\nHist\u00f2ries dels gats:\u00a0<a href=\"https:\/\/www.ariskcat.cat\/historia-dels-gats\/\" target=\"_blank\" rel=\"noopener\" data-saferedirecturl=\"https:\/\/www.google.com\/url?q=https:\/\/www.ariskcat.cat\/historia-dels-gats\/&amp;source=gmail&amp;ust=1765880249504000&amp;usg=AOvVaw0Yec0e519ClVTFzj-kmJSx\">https:\/\/www.ariskcat.cat\/<wbr \/>historia-dels-gats\/<\/a><br \/>\nJoc creat per terrassencs amb il\u00b7lustracions de l&#8217;artista Octavi Intente.<\/p>\n","protected":false},"excerpt":{"rendered":"<p>3 a 8 jugadors<\/p>\n<p>+ 8 anys joc b\u00e0sic<\/p>\n<p>+12 anys joc amb habilitats<\/p>\n<p>20 minuts<\/p>\n","protected":false},"featured_media":46180,"template":"","meta":[],"product_cat":[59,307],"product_tag":[],"_links":{"self":[{"href":"https:\/\/www.vilaweb.cat\/botiga\/wp-json\/wp\/v2\/product\/46179"}],"collection":[{"href":"https:\/\/www.vilaweb.cat\/botiga\/wp-json\/wp\/v2\/product"}],"about":[{"href":"https:\/\/www.vilaweb.cat\/botiga\/wp-json\/wp\/v2\/types\/product"}],"wp:featuredmedia":[{"embeddable":true,"href":"https:\/\/www.vilaweb.cat\/botiga\/wp-json\/wp\/v2\/media\/46180"}],"wp:attachment":[{"href":"https:\/\/www.vilaweb.cat\/botiga\/wp-json\/wp\/v2\/media?parent=46179"}],"wp:term":[{"taxonomy":"product_cat","embeddable":true,"href":"https:\/\/www.vilaweb.cat\/botiga\/wp-json\/wp\/v2\/product_cat?post=46179"},{"taxonomy":"product_tag","embeddable":true,"href":"https:\/\/www.vilaweb.cat\/botiga\/wp-json\/wp\/v2\/product_tag?post=46179"}],"curies":[{"name":"wp","href":"https:\/\/api.w.org\/{rel}","templated":true}]}}