{"id":46119,"date":"2025-12-12T18:55:07","date_gmt":"2025-12-12T17:55:07","guid":{"rendered":"https:\/\/www.vilaweb.cat\/botiga\/?post_type=product&#038;p=46119"},"modified":"2026-04-17T11:15:01","modified_gmt":"2026-04-17T09:15:01","slug":"el-secret-de-la-v-baixa","status":"publish","type":"product","link":"https:\/\/www.vilaweb.cat\/botiga\/producte\/el-secret-de-la-v-baixa\/","title":{"rendered":"El secret de la V baixa"},"content":{"rendered":"<p>Aquest petit tractat vol presentar, des de la nostra perspectiva, la hist\u00f2ria de Catalunya destacant els moments clau i alguns punts fonamentals per entendre la identitat i la traject\u00f2ria del poble catal\u00e0. Aquest coneixement resulta imprescindible per interpretar la realitat actual i treballar cap a un futur de llibertat i plenitud nacional. Llan\u00e7arem aquest manual al mes de novembre, coincidint amb la commemoraci\u00f3 del 9-N de 2014, una data emblem\u00e0tica en el cam\u00ed d&#8221;alliberament de la naci\u00f3 catalana. El considerem una eina m\u00e9s per impulsar la defensa dels drets i les llibertats de Catalunya. \u00c9s clar que, si oblidem les nostres arrels, ser\u00e0 gaireb\u00e9 impossible recuperar la sobirania i restaurar l&#8221;estat catal\u00e0 que, durant segles, va constituir un model de govern eficient gr\u00e0cies a les Lleis de Pau i Tracte, els Usatges, les Constitucions i el Consolat de Mar, basats en acords i no en conflictes, en sobiranies compartides i no en projectes imperialistes.<\/p>\n","protected":false},"excerpt":{"rendered":"<p>AUTOR: Cucurull Miralles, Victor<br \/>\nISBN: 9791399049671<br \/>\nEDICI\u00d3: 1a<br \/>\nENQUADERNACI\u00d3: Tapa r\u00fastica<br \/>\nFORMAT: 24 cm x 17 cm<br \/>\nP\u00c0GINES: 480<br \/>\nIDIOMA: Catal\u00e0<\/p>\n","protected":false},"featured_media":46120,"template":"","meta":[],"product_cat":[42,18],"product_tag":[],"_links":{"self":[{"href":"https:\/\/www.vilaweb.cat\/botiga\/wp-json\/wp\/v2\/product\/46119"}],"collection":[{"href":"https:\/\/www.vilaweb.cat\/botiga\/wp-json\/wp\/v2\/product"}],"about":[{"href":"https:\/\/www.vilaweb.cat\/botiga\/wp-json\/wp\/v2\/types\/product"}],"wp:featuredmedia":[{"embeddable":true,"href":"https:\/\/www.vilaweb.cat\/botiga\/wp-json\/wp\/v2\/media\/46120"}],"wp:attachment":[{"href":"https:\/\/www.vilaweb.cat\/botiga\/wp-json\/wp\/v2\/media?parent=46119"}],"wp:term":[{"taxonomy":"product_cat","embeddable":true,"href":"https:\/\/www.vilaweb.cat\/botiga\/wp-json\/wp\/v2\/product_cat?post=46119"},{"taxonomy":"product_tag","embeddable":true,"href":"https:\/\/www.vilaweb.cat\/botiga\/wp-json\/wp\/v2\/product_tag?post=46119"}],"curies":[{"name":"wp","href":"https:\/\/api.w.org\/{rel}","templated":true}]}}