{"id":46062,"date":"2025-12-11T18:38:44","date_gmt":"2025-12-11T17:38:44","guid":{"rendered":"https:\/\/www.vilaweb.cat\/botiga\/?post_type=product&#038;p=46062"},"modified":"2026-04-03T17:58:59","modified_gmt":"2026-04-03T15:58:59","slug":"el-noi-amb-una-maleta-i-un-somni","status":"publish","type":"product","link":"https:\/\/www.vilaweb.cat\/botiga\/producte\/el-noi-amb-una-maleta-i-un-somni\/","title":{"rendered":"El noi amb una maleta i un somni"},"content":{"rendered":"<p><b>Una hist\u00f2ria basada en la vida apassionant del doctor Ramon Cugat.<\/b><\/p>\n<p>El jove protagonista d&#8217;aquesta hist\u00f2ria real va deixar l&#8217;Aldea, a les Terres de l&#8217;Ebre, i la vida de pag\u00e8s per jugar a futbol a Barcelona. All\u00e0 va con\u00e8ixer l&#8217;amor de la seva vida i una passi\u00f3 per la medicina que el va dur a ser el traumat\u00f2leg de cap\u00e7alera de molts futbolistes catalans, des de les grans estrelles fins a jugadors juvenils.<\/p>\n<p>Basant-se en la vida del doctor Ramon Cugat, Jordi Bast\u00e9 ha constru\u00eft un relat inspirador al voltant de la possibilitat de fer realitat els propis somnis i, encara m\u00e9s, els dels altres. Aquesta \u00e9s una hist\u00f2ria rica en emocions humanes: des de la confian\u00e7a en les mans prodigioses del cirurgi\u00e0 d&#8217;esportistes com Pep Guardiola, Luis Enrique o Andr\u00e9s Iniesta per tal de prosseguir les seves carreres, fins a la plena dedicaci\u00f3 dels metges a la investigaci\u00f3 per trobar nous remeis. I, alhora, \u00e9s un viatge fascinant als grans hospitals nord-americans, als camps de futbol o als quir\u00f2fans, on a vegades es decideix el dest\u00ed del pacient.<\/p>\n<p><b>Una lectura apassionant que permet descobrir, com diu l&#8217;autor, que \u00abencara hi ha gent que no ha perdut el nord, que creu en la feina feta amb sentit, que sap qu\u00e8 \u00e9s cuidar\u00bb.<\/b><\/p>\n","protected":false},"excerpt":{"rendered":"<p>AUTOR: Baste, Jordi<br \/>\nISBN: 9791387653460<br \/>\nEDICI\u00d3: 1a<br \/>\nENQUADERNACI\u00d3: Tapa dura<br \/>\nFORMAT: 23 cm x 15 cm<br \/>\nP\u00c0GINES: 240<br \/>\nIDIOMA: Catal\u00e0<\/p>\n","protected":false},"featured_media":46067,"template":"","meta":[],"product_cat":[49,18],"product_tag":[],"_links":{"self":[{"href":"https:\/\/www.vilaweb.cat\/botiga\/wp-json\/wp\/v2\/product\/46062"}],"collection":[{"href":"https:\/\/www.vilaweb.cat\/botiga\/wp-json\/wp\/v2\/product"}],"about":[{"href":"https:\/\/www.vilaweb.cat\/botiga\/wp-json\/wp\/v2\/types\/product"}],"wp:featuredmedia":[{"embeddable":true,"href":"https:\/\/www.vilaweb.cat\/botiga\/wp-json\/wp\/v2\/media\/46067"}],"wp:attachment":[{"href":"https:\/\/www.vilaweb.cat\/botiga\/wp-json\/wp\/v2\/media?parent=46062"}],"wp:term":[{"taxonomy":"product_cat","embeddable":true,"href":"https:\/\/www.vilaweb.cat\/botiga\/wp-json\/wp\/v2\/product_cat?post=46062"},{"taxonomy":"product_tag","embeddable":true,"href":"https:\/\/www.vilaweb.cat\/botiga\/wp-json\/wp\/v2\/product_tag?post=46062"}],"curies":[{"name":"wp","href":"https:\/\/api.w.org\/{rel}","templated":true}]}}