{"id":46050,"date":"2025-12-11T17:48:10","date_gmt":"2025-12-11T16:48:10","guid":{"rendered":"https:\/\/www.vilaweb.cat\/botiga\/?post_type=product&#038;p=46050"},"modified":"2026-01-02T19:01:20","modified_gmt":"2026-01-02T18:01:20","slug":"100-gegants-per-pintar-7e-volum","status":"publish","type":"product","link":"https:\/\/www.vilaweb.cat\/botiga\/producte\/100-gegants-per-pintar-7e-volum\/","title":{"rendered":"100 gegants per pintar 7\u00e8 Volum"},"content":{"rendered":"<div class=\"woocommerce-product-details__short-description\">\n<p>Quadern de 100 gegants per pintar Volum 7. Petita guia dels gegants de Catalunya (El Cep i la Nansa ed., febrer 2016), una guia infantil on trobareu 100 gegants de pobles, viles i ciutats de Catalunya, tots ells il\u00b7lustrats nom\u00e9s en negre perqu\u00e8 els infants puguin omplir-los de color.<\/p>\n<div class=\"column column-1 oneHalf\">\n<div id=\"c5792\" class=\"csc-default\">\n<div class=\"column column-1 oneHalf\">\n<div id=\"c6984\" class=\"csc-default\">\n<p><b>Gegants de Barcelona<\/b><\/p>\n<ul>\n<li>Gegants d\u2019Olesa de Bonesvalls<\/li>\n<li>Gegantons de Ca l\u2019Avi de Subirats<\/li>\n<li>Gegants Vells d\u2019Art\u00e9s<\/li>\n<li>Gegant\u00f3 de Sant Joan de Vilatorrada<\/li>\n<li>Gegant\u00f3 Mag Maginet de Cornell\u00e0 de Llobregat<\/li>\n<li>Gegantons de Pallej\u00e0<\/li>\n<li>Gegantona de l\u2019ajuntament de Sant Andreu de la Barca<\/li>\n<li>Geganteta Laieta de Sant Boi de Llobregat<\/li>\n<li>Gegants Vells de Sant Joan Desp\u00ed<\/li>\n<li>Gegantons de l\u2019Escola Lola Anglada de Badalona<\/li>\n<li>Gegant dels Ferrocarrils de la Generalitat de Catalunya<\/li>\n<li>Gegants Nous del Poble-sec de Barcelona<\/li>\n<li>Gegantona de Sarri\u00e0 de Barcelona<\/li>\n<li>Gegants D\u00e9us de l\u2019Hospitalet de Llobregat<\/li>\n<li>Gegantons del barri de la Font del Ros de Berga<\/li>\n<li>Gegants de Puig-reig<\/li>\n<li>Gegant de l\u2019escola Maristes Valldemia de Matar\u00f3<\/li>\n<li>Gegant del barri de la Ll\u00e0ntia de Matar\u00f3<\/li>\n<li>Gegant\u00f3 Pau del Cor de Maria de Matar\u00f3<\/li>\n<li>Gegants de Les Cinc S\u00e8nies de Matar\u00f3<\/li>\n<li>Gegants de Premi\u00e0 de Dalt<\/li>\n<li>Gegant\u00f3 de Tei\u00e0<\/li>\n<li>Gegants de Roda de Ter<\/li>\n<li>Gegants de l\u2019Esquirol<\/li>\n<li>Gegants del barri de Santa Anna de Vic<\/li>\n<li>Gegantona de Barber\u00e0 del Vall\u00e8s<\/li>\n<li>Gegant\u00f3 de la fam\u00edlia Garcia Mengibar de Castellar del Vall\u00e8s<\/li>\n<li>Gegants de Montcada i Reixac<\/li>\n<li>Gegantons de l\u2019Escola Teresa Altet de Rub\u00ed<\/li>\n<li>Gegants del Rodal de Sabadell<\/li>\n<li>Gegants Roger i Elisenda de Sabadell<\/li>\n<li>Gegantons de l\u2019Escola Abat Marcet de Terrassa<\/li>\n<li>Gegants de Montorn\u00e8s del Vall\u00e8s<\/li>\n<\/ul>\n<\/div>\n<\/div>\n<div class=\"column column-2 oneHalf\">\n<div id=\"c6985\" class=\"csc-default\">\n<p><b>Gegants de Tarragona<\/b><\/p>\n<ul>\n<li>Geganta \u00c0via Carme de Valls<\/li>\n<li>Gegants d\u2019Alforja<\/li>\n<li>Gegants Vells de Cambrils<\/li>\n<li>Gegants Nous de l\u2019Institut Pere Mata de Reus<\/li>\n<li>Gegants de Deltebre<\/li>\n<li>Gegants Vells del Vendrell<\/li>\n<li>Gegantons Neol\u00edtics de l\u2019Espluga de Francol\u00ed<\/li>\n<li>Gegants del Catllar<\/li>\n<li>Gegants de la Canonja<\/li>\n<li>Gegants del barri de Sant Pere i Sant Pau de Tarragona<\/li>\n<li>Gegants Nous del Passeig Torroja de Tarragona<\/li>\n<li>Gegants de Vilallonga del Camp<\/li>\n<\/ul>\n<p><b>Gegants de Girona<\/b><\/p>\n<ul>\n<li>Gegant de Castell-Platja d\u2019Aro<\/li>\n<li>Gegant\u00f3 de Sant Feliu de Gu\u00edxols<\/li>\n<li>Gegants Nous de Vilallobent<\/li>\n<li>Gegant\u00f3 de Cass\u00e0 de la Selva<\/li>\n<li>Gegant\u00f3 del Casc Antic d\u2019Olot<\/li>\n<li>Gegant\u00f3 Vad\u00f3 Set-Trossos de Blanes<\/li>\n<\/ul>\n<p><b>Gegants de Lleida<\/b><\/p>\n<ul>\n<li>Gegants Vells d\u2019Oliana<\/li>\n<li>Gegants Nous de Les Borges Blanques<\/li>\n<li>Gegants de la festa de Lo Roser de Ponts<\/li>\n<li>Gegants Nous d\u2019Ivars d\u2019Urgell<\/li>\n<li>Gegants de Corbins<\/li>\n<li>Gegants Vells de Preixana<\/li>\n<li>Gegants del Grup de Gegants Terra Nostra<\/li>\n<\/ul>\n<\/div>\n<\/div>\n<\/div>\n<\/div>\n<\/div>\n","protected":false},"excerpt":{"rendered":"<p>Ed. El cep i la nansa<\/p>\n","protected":false},"featured_media":46051,"template":"","meta":[],"product_cat":[47,18],"product_tag":[],"_links":{"self":[{"href":"https:\/\/www.vilaweb.cat\/botiga\/wp-json\/wp\/v2\/product\/46050"}],"collection":[{"href":"https:\/\/www.vilaweb.cat\/botiga\/wp-json\/wp\/v2\/product"}],"about":[{"href":"https:\/\/www.vilaweb.cat\/botiga\/wp-json\/wp\/v2\/types\/product"}],"wp:featuredmedia":[{"embeddable":true,"href":"https:\/\/www.vilaweb.cat\/botiga\/wp-json\/wp\/v2\/media\/46051"}],"wp:attachment":[{"href":"https:\/\/www.vilaweb.cat\/botiga\/wp-json\/wp\/v2\/media?parent=46050"}],"wp:term":[{"taxonomy":"product_cat","embeddable":true,"href":"https:\/\/www.vilaweb.cat\/botiga\/wp-json\/wp\/v2\/product_cat?post=46050"},{"taxonomy":"product_tag","embeddable":true,"href":"https:\/\/www.vilaweb.cat\/botiga\/wp-json\/wp\/v2\/product_tag?post=46050"}],"curies":[{"name":"wp","href":"https:\/\/api.w.org\/{rel}","templated":true}]}}