{"id":46014,"date":"2025-12-10T19:26:12","date_gmt":"2025-12-10T18:26:12","guid":{"rendered":"https:\/\/www.vilaweb.cat\/botiga\/?post_type=product&#038;p=46014"},"modified":"2025-12-10T19:47:46","modified_gmt":"2025-12-10T18:47:46","slug":"rebel-princess-2","status":"publish","type":"product","link":"https:\/\/www.vilaweb.cat\/botiga\/producte\/rebel-princess-2\/","title":{"rendered":"Rebel Princess 2"},"content":{"rendered":"<p><strong>Una expansi\u00f3 per al joc\u00a0<\/strong><em><a href=\"https:\/\/www.vilaweb.cat\/botiga\/producte\/rebel-princess\/\">Rebel Princess<\/a><\/em><strong>\u00a0que inclou 19 noves cartes de ronda i 10 princeses addicionals, a m\u00e9s d\u2019un innovador mode per equips<\/strong>\u00a0per a continuar esquivant proposicions matrimonials. Esta ampliaci\u00f3 incorpora totes les cartes addicionals publicades en altres pa\u00efsos i contingut totalment in\u00e8dit, amb la inclusi\u00f3 de malvades dels contes tradicionals!<\/p>\n<p><strong>IMPORTANT. Es necessita el joc base de\u00a0<\/strong><a href=\"https:\/\/www.vilaweb.cat\/botiga\/producte\/rebel-princess\/\"><em>Rebel Princess<\/em><\/a><strong>\u00a0per a poder jugar a\u00a0<\/strong><em>Rebel Princess 2<\/em><strong>.<\/strong><\/p>\n<ul>\n<li><strong>Contingut del joc:<\/strong>\u00a041 cartes, nou bloc de puntuacions, reglaments en dos idiomes.<\/li>\n<li><strong>Caracter\u00edstiques:<\/strong>\u00a0a partir de 8 anys, 3-6 jugadors, partides de 40 minuts.<\/li>\n<li><strong>Idiomes<\/strong>: valenci\u00e0 i castell\u00e0<\/li>\n<li>Un joc de Daniel Byrne, Gerardo Guerrero, Kevin Pel\u00e1ez i Tirso Virg\u00f3s, il\u00b7lustrat per Alfredo C\u00e1ceres.<\/li>\n<\/ul>\n","protected":false},"excerpt":{"rendered":"<p>3 a 6 jugadors<\/p>\n<p>+ 8 anys<\/p>\n<p>40 minuts<\/p>\n","protected":false},"featured_media":46017,"template":"","meta":[],"product_cat":[59,307],"product_tag":[],"_links":{"self":[{"href":"https:\/\/www.vilaweb.cat\/botiga\/wp-json\/wp\/v2\/product\/46014"}],"collection":[{"href":"https:\/\/www.vilaweb.cat\/botiga\/wp-json\/wp\/v2\/product"}],"about":[{"href":"https:\/\/www.vilaweb.cat\/botiga\/wp-json\/wp\/v2\/types\/product"}],"wp:featuredmedia":[{"embeddable":true,"href":"https:\/\/www.vilaweb.cat\/botiga\/wp-json\/wp\/v2\/media\/46017"}],"wp:attachment":[{"href":"https:\/\/www.vilaweb.cat\/botiga\/wp-json\/wp\/v2\/media?parent=46014"}],"wp:term":[{"taxonomy":"product_cat","embeddable":true,"href":"https:\/\/www.vilaweb.cat\/botiga\/wp-json\/wp\/v2\/product_cat?post=46014"},{"taxonomy":"product_tag","embeddable":true,"href":"https:\/\/www.vilaweb.cat\/botiga\/wp-json\/wp\/v2\/product_tag?post=46014"}],"curies":[{"name":"wp","href":"https:\/\/api.w.org\/{rel}","templated":true}]}}