{"id":45833,"date":"2025-12-05T17:24:37","date_gmt":"2025-12-05T16:24:37","guid":{"rendered":"https:\/\/www.vilaweb.cat\/botiga\/?post_type=product&#038;p=45833"},"modified":"2026-01-07T18:36:05","modified_gmt":"2026-01-07T17:36:05","slug":"match","status":"publish","type":"product","link":"https:\/\/www.vilaweb.cat\/botiga\/producte\/match\/","title":{"rendered":"Match!"},"content":{"rendered":"<div class=\"traductor-textarea form-group\">\n<div class=\"textarea-desti col-xs-12 col-sm-6\">\n<div class=\"form-control second-textarea\">\n<div class=\"descripcio\">\n<p>Joc per aparellar cartes segons el seu valor num\u00e8ric o el seu color. Cal aconseguir la puntuaci\u00f3 m\u00e9s gran possible amb les que no combinen.<\/p>\n<\/div>\n<\/div>\n<\/div>\n<\/div>\n","protected":false},"excerpt":{"rendered":"<p>2 a 6 jugadors<\/p>\n<p>+ 7 anys<\/p>\n<p>15 minuts<\/p>\n","protected":false},"featured_media":45834,"template":"","meta":[],"product_cat":[59,307],"product_tag":[],"_links":{"self":[{"href":"https:\/\/www.vilaweb.cat\/botiga\/wp-json\/wp\/v2\/product\/45833"}],"collection":[{"href":"https:\/\/www.vilaweb.cat\/botiga\/wp-json\/wp\/v2\/product"}],"about":[{"href":"https:\/\/www.vilaweb.cat\/botiga\/wp-json\/wp\/v2\/types\/product"}],"wp:featuredmedia":[{"embeddable":true,"href":"https:\/\/www.vilaweb.cat\/botiga\/wp-json\/wp\/v2\/media\/45834"}],"wp:attachment":[{"href":"https:\/\/www.vilaweb.cat\/botiga\/wp-json\/wp\/v2\/media?parent=45833"}],"wp:term":[{"taxonomy":"product_cat","embeddable":true,"href":"https:\/\/www.vilaweb.cat\/botiga\/wp-json\/wp\/v2\/product_cat?post=45833"},{"taxonomy":"product_tag","embeddable":true,"href":"https:\/\/www.vilaweb.cat\/botiga\/wp-json\/wp\/v2\/product_tag?post=45833"}],"curies":[{"name":"wp","href":"https:\/\/api.w.org\/{rel}","templated":true}]}}