{"id":45803,"date":"2025-12-05T11:22:39","date_gmt":"2025-12-05T10:22:39","guid":{"rendered":"https:\/\/www.vilaweb.cat\/botiga\/?post_type=product&#038;p=45803"},"modified":"2026-01-09T15:03:28","modified_gmt":"2026-01-09T14:03:28","slug":"arracades-tio","status":"publish","type":"product","link":"https:\/\/www.vilaweb.cat\/botiga\/producte\/arracades-tio\/","title":{"rendered":"Arracades Ti\u00f3"},"content":{"rendered":"","protected":false},"excerpt":{"rendered":"<p>Arracades llargues amb el Ti\u00f3 de pl\u00e0stic.<\/p>\n<p>Mida lla\u00e7 aprox.: 1,50cm x 2,50cm.<\/p>\n","protected":false},"featured_media":45806,"template":"","meta":[],"product_cat":[62],"product_tag":[],"_links":{"self":[{"href":"https:\/\/www.vilaweb.cat\/botiga\/wp-json\/wp\/v2\/product\/45803"}],"collection":[{"href":"https:\/\/www.vilaweb.cat\/botiga\/wp-json\/wp\/v2\/product"}],"about":[{"href":"https:\/\/www.vilaweb.cat\/botiga\/wp-json\/wp\/v2\/types\/product"}],"wp:featuredmedia":[{"embeddable":true,"href":"https:\/\/www.vilaweb.cat\/botiga\/wp-json\/wp\/v2\/media\/45806"}],"wp:attachment":[{"href":"https:\/\/www.vilaweb.cat\/botiga\/wp-json\/wp\/v2\/media?parent=45803"}],"wp:term":[{"taxonomy":"product_cat","embeddable":true,"href":"https:\/\/www.vilaweb.cat\/botiga\/wp-json\/wp\/v2\/product_cat?post=45803"},{"taxonomy":"product_tag","embeddable":true,"href":"https:\/\/www.vilaweb.cat\/botiga\/wp-json\/wp\/v2\/product_tag?post=45803"}],"curies":[{"name":"wp","href":"https:\/\/api.w.org\/{rel}","templated":true}]}}