{"id":45772,"date":"2025-12-04T12:29:20","date_gmt":"2025-12-04T11:29:20","guid":{"rendered":"https:\/\/www.vilaweb.cat\/botiga\/?post_type=product&#038;p=45772"},"modified":"2025-12-29T17:43:15","modified_gmt":"2025-12-29T16:43:15","slug":"dixit-journey","status":"publish","type":"product","link":"https:\/\/www.vilaweb.cat\/botiga\/producte\/dixit-journey\/","title":{"rendered":"Dixit Journey"},"content":{"rendered":"<div>\n<div>\n<div>\n<div>\n<p><strong>Expansi\u00f3<\/strong> del joc <strong>Dixit<\/strong> amb 84 cartes noves. \u00c9s un joc d&#8217;imaginaci\u00f3 i interpretaci\u00f3 per compartir i somiar amb la fam\u00edlia i els amics.<\/p>\n<\/div>\n<\/div>\n<\/div>\n<\/div>\n","protected":false},"excerpt":{"rendered":"<p>3 a 8 jugadors<\/p>\n<p>+ 8 anys<\/p>\n<p>30 minuts<\/p>\n","protected":false},"featured_media":45773,"template":"","meta":[],"product_cat":[59,307],"product_tag":[],"_links":{"self":[{"href":"https:\/\/www.vilaweb.cat\/botiga\/wp-json\/wp\/v2\/product\/45772"}],"collection":[{"href":"https:\/\/www.vilaweb.cat\/botiga\/wp-json\/wp\/v2\/product"}],"about":[{"href":"https:\/\/www.vilaweb.cat\/botiga\/wp-json\/wp\/v2\/types\/product"}],"wp:featuredmedia":[{"embeddable":true,"href":"https:\/\/www.vilaweb.cat\/botiga\/wp-json\/wp\/v2\/media\/45773"}],"wp:attachment":[{"href":"https:\/\/www.vilaweb.cat\/botiga\/wp-json\/wp\/v2\/media?parent=45772"}],"wp:term":[{"taxonomy":"product_cat","embeddable":true,"href":"https:\/\/www.vilaweb.cat\/botiga\/wp-json\/wp\/v2\/product_cat?post=45772"},{"taxonomy":"product_tag","embeddable":true,"href":"https:\/\/www.vilaweb.cat\/botiga\/wp-json\/wp\/v2\/product_tag?post=45772"}],"curies":[{"name":"wp","href":"https:\/\/api.w.org\/{rel}","templated":true}]}}