{"id":45766,"date":"2025-12-04T11:58:47","date_gmt":"2025-12-04T10:58:47","guid":{"rendered":"https:\/\/www.vilaweb.cat\/botiga\/?post_type=product&#038;p=45766"},"modified":"2026-01-19T11:46:19","modified_gmt":"2026-01-19T10:46:19","slug":"picto-paraula","status":"publish","type":"product","link":"https:\/\/www.vilaweb.cat\/botiga\/producte\/picto-paraula\/","title":{"rendered":"Picto Paraula"},"content":{"rendered":"<div class=\"traductor-textarea form-group\">\n<div class=\"textarea-desti col-xs-12 col-sm-6\">\n<div class=\"form-control second-textarea\">\n<p><strong>Picto Paraula &#8211; Cartes Funtastic &#8211; Edici\u00f3 en Catal\u00e0<\/strong>\u00a0\u00e9s un joc de cartes educatiu en catal\u00e0, dissenyat per fomentar l&#8217;atenci\u00f3 i el vocabulari. El joc utilitza cartes de lletres i cartes d&#8217;imatges (pictogrames).<\/p>\n<p>Els jugadors han d&#8217;associar les seves cartes d&#8217;imatge amb les cartes de lletra que hi ha al centre (per exemple, una imatge de &#8221;Gos&#8221; amb la lletra &#8221;G&#8221;). El jugador que col\u00b7loca la quarta imatge en una carta de lletra, se la queda. Guanya qui acumula m\u00e9s cartes de lletra.<\/p>\n<p><strong>Jugadors<\/strong>: 2-4<br \/>\n<strong>Temps de joc<\/strong>: Aprox. 15 minuts<br \/>\n<strong>Edat<\/strong>: 5 anys<\/p>\n<\/div>\n<\/div>\n<\/div>\n","protected":false},"excerpt":{"rendered":"<p>2 a 4 jugadors<\/p>\n<p>+ 5 anys<\/p>\n<p>15 minuts<\/p>\n","protected":false},"featured_media":45769,"template":"","meta":[],"product_cat":[58,307],"product_tag":[],"_links":{"self":[{"href":"https:\/\/www.vilaweb.cat\/botiga\/wp-json\/wp\/v2\/product\/45766"}],"collection":[{"href":"https:\/\/www.vilaweb.cat\/botiga\/wp-json\/wp\/v2\/product"}],"about":[{"href":"https:\/\/www.vilaweb.cat\/botiga\/wp-json\/wp\/v2\/types\/product"}],"wp:featuredmedia":[{"embeddable":true,"href":"https:\/\/www.vilaweb.cat\/botiga\/wp-json\/wp\/v2\/media\/45769"}],"wp:attachment":[{"href":"https:\/\/www.vilaweb.cat\/botiga\/wp-json\/wp\/v2\/media?parent=45766"}],"wp:term":[{"taxonomy":"product_cat","embeddable":true,"href":"https:\/\/www.vilaweb.cat\/botiga\/wp-json\/wp\/v2\/product_cat?post=45766"},{"taxonomy":"product_tag","embeddable":true,"href":"https:\/\/www.vilaweb.cat\/botiga\/wp-json\/wp\/v2\/product_tag?post=45766"}],"curies":[{"name":"wp","href":"https:\/\/api.w.org\/{rel}","templated":true}]}}