{"id":45745,"date":"2025-12-03T17:39:13","date_gmt":"2025-12-03T16:39:13","guid":{"rendered":"https:\/\/www.vilaweb.cat\/botiga\/?post_type=product&#038;p=45745"},"modified":"2026-03-28T09:14:32","modified_gmt":"2026-03-28T08:14:32","slug":"agenda-singulara-2026-2028","status":"publish","type":"product","link":"https:\/\/www.vilaweb.cat\/botiga\/producte\/agenda-singulara-2026-2028\/","title":{"rendered":"Agenda singulara 2026 \/ 2027 \/ 2028"},"content":{"rendered":"<p dir=\"ltr\"><strong>L\u2019Agenda singulara<\/strong> \u00e9s una agenda amb una disposici\u00f3 que no existeix al mercat: est\u00e0 estructurada per setmanes (de la setmana 1 a la 52, de vegades, 53) i t\u00e9 un format quadriennal.<br \/>\nAix\u00ed, en una sola p\u00e0gina, apareix la mateixa setmana de l\u2019any de tres anys consecutius. Enguany, del 2026 al 2028.<br \/>\nL\u2019objectiu \u00e9s que la persona que l\u2019adquireixi pugui escriure-hi les petites i grans coses del dia a dia, que a vegades \u00e9s dif\u00edcil ubicar en el temps.<br \/>\nD\u2019aquesta manera, es crea una mena de \u2018quadern de vida\u2019 per a recordar el que ha passat, setmana a setmana, al llarg de quatre anys.<\/p>\n<p dir=\"ltr\">Aniversaris, vacances, celebracions, fets inesperats, una nova relaci\u00f3 amorosa, el pas a pas d\u2019un nad\u00f3, els estats d\u2019\u00e0nim, un nou projecte, el temps que fa&#8230;<br \/>\nA m\u00e9s a m\u00e9s, inclou textos breus i il\u00b7lustracions originals que tenen a veure amb el pas del temps: fets astron\u00f2mics, el cicle de les feines del camp, el curs de la naturalesa o les tradicions catalanes i occitanes.<\/p>\n<p dir=\"ltr\">S\u2019hi han fet servir les principals varietats de l\u2019occit\u00e0 i de les lleng\u00fces rom\u00e0niques del seu entorn. Cada p\u00e0gina \u2014\u00e9s a dir, cada setmana\u2014 est\u00e0 en una d\u2019aquestes lleng\u00fces i s\u2019han emprat paraules que qualsevol parlant d\u2019una d\u2019elles pugui entendre sense problemes, amb la intenci\u00f3 de mostrar que totes elles s\u00f3n lleng\u00fces agermanades amb un origen com\u00fa.<\/p>\n","protected":false},"excerpt":{"rendered":"<div><b>genda singulara 2026 \/ 2027 \/ 2028<\/b><\/div>\n<div><\/div>\n<div>Cada p\u00e0gina oberta d&#8217;aquesta agenda &#8211; dietari presenta la mateixa setmana de tres anys consecutius: del 2026 al 2028.<\/div>\n<div><\/div>\n<div>Especialment ideada per a apuntar-hi les petites i grans coses del dia a dia i, d&#8217;aquesta manera, crear un &#8216;quadern de vida&#8217; al llarg de tres anys. Celebracions, viatges, enamorar-se, l&#8217;arribada d&#8217;un nad\u00f3, pensaments, idees, q\u00fcestions dom\u00e8stiques, els llibres llegits, el temps que fa&#8230; Tres anys de la a vida recollits en una sola agenda!<\/div>\n<div><\/div>\n<div>21 x 21 cm.<\/div>\n<div>112 p\u00e0gines<\/div>\n<div>Paper offset blanc de 120 g.<\/div>\n<div>Enquadernaci\u00f3 amb espiral doble i tapes dures.<\/div>\n<div>Textos en llengua catalana, en llengua occitana i en altres lleng\u00fces rom\u00e0niques de l&#8217;entorn.<\/div>\n<div>Il\u00b7lustracions originals.<\/div>\n","protected":false},"featured_media":45765,"template":"","meta":[],"product_cat":[304,93],"product_tag":[],"_links":{"self":[{"href":"https:\/\/www.vilaweb.cat\/botiga\/wp-json\/wp\/v2\/product\/45745"}],"collection":[{"href":"https:\/\/www.vilaweb.cat\/botiga\/wp-json\/wp\/v2\/product"}],"about":[{"href":"https:\/\/www.vilaweb.cat\/botiga\/wp-json\/wp\/v2\/types\/product"}],"wp:featuredmedia":[{"embeddable":true,"href":"https:\/\/www.vilaweb.cat\/botiga\/wp-json\/wp\/v2\/media\/45765"}],"wp:attachment":[{"href":"https:\/\/www.vilaweb.cat\/botiga\/wp-json\/wp\/v2\/media?parent=45745"}],"wp:term":[{"taxonomy":"product_cat","embeddable":true,"href":"https:\/\/www.vilaweb.cat\/botiga\/wp-json\/wp\/v2\/product_cat?post=45745"},{"taxonomy":"product_tag","embeddable":true,"href":"https:\/\/www.vilaweb.cat\/botiga\/wp-json\/wp\/v2\/product_tag?post=45745"}],"curies":[{"name":"wp","href":"https:\/\/api.w.org\/{rel}","templated":true}]}}