{"id":45743,"date":"2025-12-03T17:30:37","date_gmt":"2025-12-03T16:30:37","guid":{"rendered":"https:\/\/www.vilaweb.cat\/botiga\/?post_type=product&#038;p=45743"},"modified":"2026-03-28T15:44:11","modified_gmt":"2026-03-28T14:44:11","slug":"les-aventures-de-softcatala","status":"publish","type":"product","link":"https:\/\/www.vilaweb.cat\/botiga\/producte\/les-aventures-de-softcatala\/","title":{"rendered":"Les aventures de Softcatal\u00e0"},"content":{"rendered":"<p>Corren temps foscos a Terra Nul\u00b7la. El Tir\u00e0 Mas\u00f3 oprimeix cada cop m\u00e9s el catal\u00e0 i la fam\u00edlia Rasclet no t\u00e9 m\u00e9s remei que fugir a la comunitat lliure de Softcatal\u00e0: la Contrada. Softcatal\u00e0 ha enviat els seus millors superherois per ajudar-los, per\u00f2 el Tir\u00e0 Mas\u00f3 i els seus cruels sequa\u00e7os remouran cel i terra per impedir que els nostres protagonistes sobrevisquin. Ser\u00e0 capa\u00e7 la fam\u00edlia Rasclet d\u2019arribar sana i est\u00e0lvia a la Contrada?<\/p>\n","protected":false},"excerpt":{"rendered":"<p><strong>Pr\u00f2leg:\u00a0<\/strong>Noelia Karanezi<\/p>\n<p><strong>Ep\u00edleg:\u00a0<\/strong>Adri\u00e0 Mart\u00edn Mor <strong>\u00a0<\/strong><\/p>\n<p><strong>Il\u00b7lustracions:<\/strong> Berta Long\u00e0s i Oscar P\u00e9rez (Haru Studio)<\/p>\n<p><b>Format:<\/b> 18 \u00d7 25 cm<\/p>\n<p><strong>P\u00e0gines:<\/strong> 48<\/p>\n<p><strong>Primera edici\u00f3:<\/strong>\u00a0mar\u00e7 de 2025<\/p>\n","protected":false},"featured_media":45744,"template":"","meta":[],"product_cat":[49,48,18],"product_tag":[],"_links":{"self":[{"href":"https:\/\/www.vilaweb.cat\/botiga\/wp-json\/wp\/v2\/product\/45743"}],"collection":[{"href":"https:\/\/www.vilaweb.cat\/botiga\/wp-json\/wp\/v2\/product"}],"about":[{"href":"https:\/\/www.vilaweb.cat\/botiga\/wp-json\/wp\/v2\/types\/product"}],"wp:featuredmedia":[{"embeddable":true,"href":"https:\/\/www.vilaweb.cat\/botiga\/wp-json\/wp\/v2\/media\/45744"}],"wp:attachment":[{"href":"https:\/\/www.vilaweb.cat\/botiga\/wp-json\/wp\/v2\/media?parent=45743"}],"wp:term":[{"taxonomy":"product_cat","embeddable":true,"href":"https:\/\/www.vilaweb.cat\/botiga\/wp-json\/wp\/v2\/product_cat?post=45743"},{"taxonomy":"product_tag","embeddable":true,"href":"https:\/\/www.vilaweb.cat\/botiga\/wp-json\/wp\/v2\/product_tag?post=45743"}],"curies":[{"name":"wp","href":"https:\/\/api.w.org\/{rel}","templated":true}]}}