{"id":45594,"date":"2025-11-28T19:50:39","date_gmt":"2025-11-28T18:50:39","guid":{"rendered":"https:\/\/www.vilaweb.cat\/botiga\/?post_type=product&#038;p=45594"},"modified":"2025-12-23T18:40:39","modified_gmt":"2025-12-23T17:40:39","slug":"el-maqui-que-encara-lluita","status":"publish","type":"product","link":"https:\/\/www.vilaweb.cat\/botiga\/producte\/el-maqui-que-encara-lluita\/","title":{"rendered":"El maqui que encara lluita"},"content":{"rendered":"<p>Amb poc m\u00e9s de vint anys, en Joan passava les hores mortes imaginant plans per escapar-se de la pres\u00f3: des de fabricar una pistola amb molles de pa i betum, a aprendre a tocar el tromb\u00f3 i per camuflar el so en serrar els barrots de la cel\u00b7la. Hi havia anat a parar despr\u00e9s d\u00b4uns anys d\u00b4acci\u00f3 amb el maquis, implicat ja en un combat que va comen\u00e7ar quan encara era un nen, entre treballadors i militants de la CNT de Barcelona. Una lluita incansable que l\u00b4acompanya encara avui, despr\u00e9s de dos exilis a Fran\u00e7a i molts nous inicis, amb prop d\u00b4un segle de vida i una mem\u00f2ria per llegar.<\/p>\n","protected":false},"excerpt":{"rendered":"<p>AUTOR: Enric Garcia Jard\u00ed<br \/>\nISBN: 9788411731751<br \/>\nEDICI\u00d3: 1a<br \/>\nENQUADERNACI\u00d3: Tapa dura<br \/>\nFORMAT: 15 cm x 22 cm<br \/>\nP\u00c0GINES: 224<br \/>\nIDIOMA: Catal\u00e0<\/p>\n","protected":false},"featured_media":45592,"template":"","meta":[],"product_cat":[45,18],"product_tag":[],"_links":{"self":[{"href":"https:\/\/www.vilaweb.cat\/botiga\/wp-json\/wp\/v2\/product\/45594"}],"collection":[{"href":"https:\/\/www.vilaweb.cat\/botiga\/wp-json\/wp\/v2\/product"}],"about":[{"href":"https:\/\/www.vilaweb.cat\/botiga\/wp-json\/wp\/v2\/types\/product"}],"wp:featuredmedia":[{"embeddable":true,"href":"https:\/\/www.vilaweb.cat\/botiga\/wp-json\/wp\/v2\/media\/45592"}],"wp:attachment":[{"href":"https:\/\/www.vilaweb.cat\/botiga\/wp-json\/wp\/v2\/media?parent=45594"}],"wp:term":[{"taxonomy":"product_cat","embeddable":true,"href":"https:\/\/www.vilaweb.cat\/botiga\/wp-json\/wp\/v2\/product_cat?post=45594"},{"taxonomy":"product_tag","embeddable":true,"href":"https:\/\/www.vilaweb.cat\/botiga\/wp-json\/wp\/v2\/product_tag?post=45594"}],"curies":[{"name":"wp","href":"https:\/\/api.w.org\/{rel}","templated":true}]}}