{"id":45557,"date":"2025-11-27T18:09:31","date_gmt":"2025-11-27T17:09:31","guid":{"rendered":"https:\/\/www.vilaweb.cat\/botiga\/?post_type=product&#038;p=45557"},"modified":"2026-01-29T11:20:20","modified_gmt":"2026-01-29T10:20:20","slug":"dix","status":"publish","type":"product","link":"https:\/\/www.vilaweb.cat\/botiga\/producte\/dix\/","title":{"rendered":"Dixit classic"},"content":{"rendered":"<div>\n<div>\n<div>\n<p data-pm-slice=\"1 1 []\">Dixit Classic\u00a0\u00e9s un joc de taula que promou la creativitat, l\u2019estrat\u00e8gia i la imaginaci\u00f3 a trav\u00e9s d\u2019il\u00b7lustracions evocadores. La din\u00e0mica del joc es centra en la narraci\u00f3 i la interpretaci\u00f3 d\u2019imatges.<\/p>\n<p>Cada ronda, un jugador assumeix el rol de narrador. Tria una de les seves cartes i proporciona una pista relacionada, que pot ser una paraula, una frase o un so. Els altres jugadors trien de la seva m\u00e0 la carta que millor s\u2019ajusti a la pista donada pel narrador. Es barregen totes les cartes seleccionades, inclosa la del narrador, i es disposen boca amunt. Els jugadors, excepte el narrador, voten quina creuen que \u00e9s la carta original del narrador.<\/p>\n<p>Si tots o cap encerta la carta del narrador, la resta de jugadors obtenen punts i el narrador no en suma. Si nom\u00e9s alguns l\u2019endevinen, tant el narrador com els que l\u2019han encertada reben punts. A m\u00e9s, els jugadors guanyen punts addicionals si la seva carta rep vots d\u2019altres participants. Aquesta din\u00e0mica incentiva els jugadors a ser creatius i estrat\u00e8gics a l\u2019hora de donar pistes. El joc finalitza quan s\u2019han repartit totes les cartes, i el jugador amb m\u00e9s punts \u00e9s el guanyador.<\/p>\n<\/div>\n<\/div>\n<\/div>\n<div class=\"traductor-checkbox form-group\">\n<div class=\"row\">\n<div><\/div>\n<div class=\"col-sm-5\"><\/div>\n<\/div>\n<\/div>\n","protected":false},"excerpt":{"rendered":"<p>3 a 8 jugadors<\/p>\n<p>+ 8 anys<\/p>\n<p>30 minuts<\/p>\n","protected":false},"featured_media":45559,"template":"","meta":[],"product_cat":[59,58,307,102],"product_tag":[],"_links":{"self":[{"href":"https:\/\/www.vilaweb.cat\/botiga\/wp-json\/wp\/v2\/product\/45557"}],"collection":[{"href":"https:\/\/www.vilaweb.cat\/botiga\/wp-json\/wp\/v2\/product"}],"about":[{"href":"https:\/\/www.vilaweb.cat\/botiga\/wp-json\/wp\/v2\/types\/product"}],"wp:featuredmedia":[{"embeddable":true,"href":"https:\/\/www.vilaweb.cat\/botiga\/wp-json\/wp\/v2\/media\/45559"}],"wp:attachment":[{"href":"https:\/\/www.vilaweb.cat\/botiga\/wp-json\/wp\/v2\/media?parent=45557"}],"wp:term":[{"taxonomy":"product_cat","embeddable":true,"href":"https:\/\/www.vilaweb.cat\/botiga\/wp-json\/wp\/v2\/product_cat?post=45557"},{"taxonomy":"product_tag","embeddable":true,"href":"https:\/\/www.vilaweb.cat\/botiga\/wp-json\/wp\/v2\/product_tag?post=45557"}],"curies":[{"name":"wp","href":"https:\/\/api.w.org\/{rel}","templated":true}]}}