{"id":45173,"date":"2025-11-17T11:34:43","date_gmt":"2025-11-17T10:34:43","guid":{"rendered":"https:\/\/www.vilaweb.cat\/botiga\/?post_type=product&#038;p=45173"},"modified":"2026-04-13T18:32:51","modified_gmt":"2026-04-13T16:32:51","slug":"qui-salva-una-vida","status":"publish","type":"product","link":"https:\/\/www.vilaweb.cat\/botiga\/producte\/qui-salva-una-vida\/","title":{"rendered":"Qui salva una vida"},"content":{"rendered":"<div class=\"elementor-element elementor-element-c5e877c elementor-widget elementor-widget-text-editor\" data-id=\"c5e877c\" data-element_type=\"widget\" data-widget_type=\"text-editor.default\">\n<div class=\"elementor-widget-container\">\n<div class=\"introduccion\">\n<p>En els temps m\u00e9s cruels, quan la viol\u00e8ncia i la por dominen Europa, un grup de persones s\u00b4uneixen per fer el que cal fer. Sense preguntar a ning\u00fa l\u2019origen ni la religi\u00f3 ni la ideologia. Perqu\u00e8 no poden mirar cap a una altra banda quan el m\u00f3n crema. Qui salva una vida ens mostra com, durant la II Guerra Mundial, aquest grup heterogeni \u2014homes i dones, joves i vells, capellans i comunistes\u2014 va crear una xarxa d\u00b4evasi\u00f3 a la Cerdanya per salvar tota mena de fugitius del feixisme. El seu missatge torna avui a ressonar amb for\u00e7a: en un m\u00f3n dominat per un poder amena\u00e7ador que malda per imposar-se contra tota humanitat, una m\u00e0 que agafa una altra m\u00e0 i que l\u00b4ajuda pot tenir una for\u00e7a impensable. Amb aquests fils, N\u00faria Cadenes ha teixit una novel\u00b7la intensa i commovedora que \u00e9s un homenatge al coratge an\u00f2nim i alhora una aut\u00e8ntica obra d\u2019art.<\/p>\n<\/div>\n<\/div>\n<\/div>\n","protected":false},"excerpt":{"rendered":"<p><span style=\"color: #ff6600;\"><strong>LLIBRE SIGNAT PER SANT JORDI<\/strong><\/span><\/p>\n<p>Fins al<strong> 14\u00a0d\u2019abril<\/strong> podeu triar entre tot un ventall d\u2019autors i rebre&#8217;n el llibre dedicat i signat. Les compres de llibres signats s&#8217;hauran de fer a la <a href=\"https:\/\/www.vilaweb.cat\/botiga\/categoria-producte\/sant-jordi\/\"><b>Botiga en l\u00ednia.<\/b><\/a><\/p>\n<p><b>No agafem els enc\u00e0rrecs presencialment a la Botiga.<\/b><\/p>\n<p>Si \u00e9s un llibre que voleu regalar, ens podeu<b> indicar el nom <\/b>a qui s\u2019ha d\u2019adre\u00e7ar l\u2019autor, a l\u2019apartat <b>&#8220;notes de la comanda&#8221; <\/b>en el moment de formalitzar-la. Altrament, <b>es far\u00e0 una dedicat\u00f2ria gen\u00e8rica, no nominal.<\/b><\/p>\n<p>Us deixem <strong><a href=\"https:\/\/www.vilaweb.cat\/botiga\/categoria-producte\/sant-jordi\/\">la llista<\/a><\/strong> de llibres que podeu encarregar.<\/p>\n<p>* Les comandes de llibres estaran a punt i s&#8217;enviaran a partir del 15 d&#8217;abril perqu\u00e8 els rebeu abans de Sant Jordi, independentment del dia de la compra.<\/p>\n<p>AUTOR: N\u00faria Cadenes<br \/>\nISBN: 9788410488601<br \/>\nEDICI\u00d3: 1a<br \/>\nENQUADERNACI\u00d3: Tapa dura<br \/>\nFORMAT: 13 cm x 20 cm<br \/>\nP\u00c0GINES: 232<br \/>\nIDIOMA: Catal\u00e0<\/p>\n","protected":false},"featured_media":45174,"template":"","meta":[],"product_cat":[49,18,423],"product_tag":[],"_links":{"self":[{"href":"https:\/\/www.vilaweb.cat\/botiga\/wp-json\/wp\/v2\/product\/45173"}],"collection":[{"href":"https:\/\/www.vilaweb.cat\/botiga\/wp-json\/wp\/v2\/product"}],"about":[{"href":"https:\/\/www.vilaweb.cat\/botiga\/wp-json\/wp\/v2\/types\/product"}],"wp:featuredmedia":[{"embeddable":true,"href":"https:\/\/www.vilaweb.cat\/botiga\/wp-json\/wp\/v2\/media\/45174"}],"wp:attachment":[{"href":"https:\/\/www.vilaweb.cat\/botiga\/wp-json\/wp\/v2\/media?parent=45173"}],"wp:term":[{"taxonomy":"product_cat","embeddable":true,"href":"https:\/\/www.vilaweb.cat\/botiga\/wp-json\/wp\/v2\/product_cat?post=45173"},{"taxonomy":"product_tag","embeddable":true,"href":"https:\/\/www.vilaweb.cat\/botiga\/wp-json\/wp\/v2\/product_tag?post=45173"}],"curies":[{"name":"wp","href":"https:\/\/api.w.org\/{rel}","templated":true}]}}