{"id":44997,"date":"2025-11-07T17:55:28","date_gmt":"2025-11-07T16:55:28","guid":{"rendered":"https:\/\/www.vilaweb.cat\/botiga\/?post_type=product&#038;p=44997"},"modified":"2026-03-20T19:16:46","modified_gmt":"2026-03-20T18:16:46","slug":"scrabble-joc-de-cartes","status":"publish","type":"product","link":"https:\/\/www.vilaweb.cat\/botiga\/producte\/scrabble-joc-de-cartes\/","title":{"rendered":"Scrabble Joc de cartes"},"content":{"rendered":"<p dir=\"ltr\"><strong>Scrabble Cartes \u2013 Una versi\u00f3 r\u00e0pida i divertida del joc cl\u00e0ssic amb tauler 100% en catal\u00e0!<\/strong><\/p>\n<p dir=\"ltr\">El vostre joc de paraules preferit adopta un format nou i sorprenent! Aquesta versi\u00f3 de cartes concentra tota la diversi\u00f3 del joc cl\u00e0ssic en un format compacte, \u00e0gil i f\u00e0cil de dur a tot arreu. Ideal per a viatges, trobades amb amics o tardes familiars, \u00e9s la manera m\u00e9s c\u00f2moda de gaudir de l\u2019enginy i la creativitat de les paraules.<\/p>\n<p dir=\"ltr\"><strong>Qu\u00e8 ofereix aquesta versi\u00f3?<\/strong><\/p>\n<p dir=\"ltr\">\u2022 Format redu\u00eft i pr\u00e0ctic: tota la diversi\u00f3 de les paraules, ara tamb\u00e9 en cartes.<\/p>\n<p dir=\"ltr\">\u2022 Partides m\u00e9s r\u00e0pides i din\u00e0miques: perfectes per a quan tenim poc temps per\u00f2 moltes ganes de jugar.<\/p>\n<p dir=\"ltr\">\u2022 Reglament amb tres maneres de jugar diferents: Cl\u00e0ssic, Forfeit i Rummy. Cadascuna posa en relleu la puntuaci\u00f3 de les lletres i de les paraules formades, perqu\u00e8 cada partida sigui un desafiament \u00fanic.<\/p>\n<p dir=\"ltr\">Deixeu volar la imaginaci\u00f3, jugueu amb les lletres i demostreu qui \u00e9s el veritable mestre de les paraules!<\/p>\n","protected":false},"excerpt":{"rendered":"<p>2 a 4 jugadors<\/p>\n<p>+ 10 anys<\/p>\n<p>90 minuts<\/p>\n","protected":false},"featured_media":44995,"template":"","meta":[],"product_cat":[59,307],"product_tag":[],"_links":{"self":[{"href":"https:\/\/www.vilaweb.cat\/botiga\/wp-json\/wp\/v2\/product\/44997"}],"collection":[{"href":"https:\/\/www.vilaweb.cat\/botiga\/wp-json\/wp\/v2\/product"}],"about":[{"href":"https:\/\/www.vilaweb.cat\/botiga\/wp-json\/wp\/v2\/types\/product"}],"wp:featuredmedia":[{"embeddable":true,"href":"https:\/\/www.vilaweb.cat\/botiga\/wp-json\/wp\/v2\/media\/44995"}],"wp:attachment":[{"href":"https:\/\/www.vilaweb.cat\/botiga\/wp-json\/wp\/v2\/media?parent=44997"}],"wp:term":[{"taxonomy":"product_cat","embeddable":true,"href":"https:\/\/www.vilaweb.cat\/botiga\/wp-json\/wp\/v2\/product_cat?post=44997"},{"taxonomy":"product_tag","embeddable":true,"href":"https:\/\/www.vilaweb.cat\/botiga\/wp-json\/wp\/v2\/product_tag?post=44997"}],"curies":[{"name":"wp","href":"https:\/\/api.w.org\/{rel}","templated":true}]}}