{"id":44988,"date":"2025-11-07T17:48:24","date_gmt":"2025-11-07T16:48:24","guid":{"rendered":"https:\/\/www.vilaweb.cat\/botiga\/?post_type=product&#038;p=44988"},"modified":"2026-03-10T13:48:23","modified_gmt":"2026-03-10T12:48:23","slug":"scrabble-catala","status":"publish","type":"product","link":"https:\/\/www.vilaweb.cat\/botiga\/producte\/scrabble-catala\/","title":{"rendered":"Scrabble Catal\u00e0"},"content":{"rendered":"<p dir=\"ltr\"><strong>Scrabble: el cl\u00e0ssic dels jocs de paraules, ara 100% en catal\u00e0!<\/strong><\/p>\n<p dir=\"ltr\">D\u2019en\u00e7\u00e0 del 1948, Scrabble \u00e9s el joc n\u00famero u al m\u00f3n i el preferit dels amants de les paraules. Ara en torna a arribar la versi\u00f3 en catal\u00e0, adaptada amb la freq\u00fc\u00e8ncia de lletres i els valors propis de la nostra llengua. Jugueu-hi en el format original, amb fitxes i faristols de fusta i una presentaci\u00f3 sense pl\u00e0stic, m\u00e9s aut\u00e8ntica i sostenible.<\/p>\n<p dir=\"ltr\">Amb regles simples per\u00f2 plenes d\u2019estrat\u00e8gia, Scrabble \u00e9s un joc apassionant i sempre diferent. Ideal per a jugar un contra un, passar una bona estona en fam\u00edlia o compartir rialles amb els vostres!<\/p>\n","protected":false},"excerpt":{"rendered":"<p>2 a 4 jugadors<\/p>\n<p>+ 10 anys<\/p>\n<p>90 minuts<\/p>\n","protected":false},"featured_media":44992,"template":"","meta":[],"product_cat":[307,59],"product_tag":[],"_links":{"self":[{"href":"https:\/\/www.vilaweb.cat\/botiga\/wp-json\/wp\/v2\/product\/44988"}],"collection":[{"href":"https:\/\/www.vilaweb.cat\/botiga\/wp-json\/wp\/v2\/product"}],"about":[{"href":"https:\/\/www.vilaweb.cat\/botiga\/wp-json\/wp\/v2\/types\/product"}],"wp:featuredmedia":[{"embeddable":true,"href":"https:\/\/www.vilaweb.cat\/botiga\/wp-json\/wp\/v2\/media\/44992"}],"wp:attachment":[{"href":"https:\/\/www.vilaweb.cat\/botiga\/wp-json\/wp\/v2\/media?parent=44988"}],"wp:term":[{"taxonomy":"product_cat","embeddable":true,"href":"https:\/\/www.vilaweb.cat\/botiga\/wp-json\/wp\/v2\/product_cat?post=44988"},{"taxonomy":"product_tag","embeddable":true,"href":"https:\/\/www.vilaweb.cat\/botiga\/wp-json\/wp\/v2\/product_tag?post=44988"}],"curies":[{"name":"wp","href":"https:\/\/api.w.org\/{rel}","templated":true}]}}