{"id":44949,"date":"2025-11-04T19:23:22","date_gmt":"2025-11-04T18:23:22","guid":{"rendered":"https:\/\/www.vilaweb.cat\/botiga\/?post_type=product&#038;p=44949"},"modified":"2026-03-26T12:57:22","modified_gmt":"2026-03-26T11:57:22","slug":"el-conte-que-no-sacaba-mai","status":"publish","type":"product","link":"https:\/\/www.vilaweb.cat\/botiga\/producte\/el-conte-que-no-sacaba-mai\/","title":{"rendered":"El conte que no s&#8217;acaba mai"},"content":{"rendered":"<div class=\"elementor-element elementor-element-c5e877c elementor-widget elementor-widget-text-editor\" data-id=\"c5e877c\" data-element_type=\"widget\" data-widget_type=\"text-editor.default\">\n<div class=\"elementor-widget-container\">\n<div class=\"introduccion\">\n<p>D\u2019un cop d\u2019aire sobtat d\u2019ala de ratpenat, la bruixa es va refredar. Sense adonar-se\u2019n, dins la poci\u00f3 que per a la princesa havia de preparar, un nou ingredient verd i visc\u00f3s va incorporar. El mal va marxar, per\u00f2 el remei un nou m\u00f3n de cabells, r\u00ednxols i tirabuixons va portar.\u00a0<strong>I ara aquest conte mai no s\u2019acabar\u00e0.<\/strong><\/p>\n<\/div>\n<\/div>\n<\/div>\n","protected":false},"excerpt":{"rendered":"<p>AUTOR: Sebasti\u00e0 Serra<br \/>\nISBN: 9788410302419<br \/>\nEDICI\u00d3: 1a<br \/>\nENQUADERNACI\u00d3: Tapa dura<br \/>\nFORMAT: 24 cm x 30 cm<br \/>\nP\u00c0GINES: 48<br \/>\nIDIOMA: Catal\u00e0<\/p>\n<p>EDAT: De 5 a 8 anys<\/p>\n","protected":false},"featured_media":44950,"template":"","meta":[],"product_cat":[47,18],"product_tag":[],"_links":{"self":[{"href":"https:\/\/www.vilaweb.cat\/botiga\/wp-json\/wp\/v2\/product\/44949"}],"collection":[{"href":"https:\/\/www.vilaweb.cat\/botiga\/wp-json\/wp\/v2\/product"}],"about":[{"href":"https:\/\/www.vilaweb.cat\/botiga\/wp-json\/wp\/v2\/types\/product"}],"wp:featuredmedia":[{"embeddable":true,"href":"https:\/\/www.vilaweb.cat\/botiga\/wp-json\/wp\/v2\/media\/44950"}],"wp:attachment":[{"href":"https:\/\/www.vilaweb.cat\/botiga\/wp-json\/wp\/v2\/media?parent=44949"}],"wp:term":[{"taxonomy":"product_cat","embeddable":true,"href":"https:\/\/www.vilaweb.cat\/botiga\/wp-json\/wp\/v2\/product_cat?post=44949"},{"taxonomy":"product_tag","embeddable":true,"href":"https:\/\/www.vilaweb.cat\/botiga\/wp-json\/wp\/v2\/product_tag?post=44949"}],"curies":[{"name":"wp","href":"https:\/\/api.w.org\/{rel}","templated":true}]}}