{"id":44939,"date":"2025-11-04T18:42:39","date_gmt":"2025-11-04T17:42:39","guid":{"rendered":"https:\/\/www.vilaweb.cat\/botiga\/?post_type=product&#038;p=44939"},"modified":"2025-12-22T12:06:05","modified_gmt":"2025-12-22T11:06:05","slug":"el-jardi-del-vei-sempre-es-mes-verd","status":"publish","type":"product","link":"https:\/\/www.vilaweb.cat\/botiga\/producte\/el-jardi-del-vei-sempre-es-mes-verd\/","title":{"rendered":"El jard\u00ed del ve\u00ed sempre \u00e9s m\u00e9s verd"},"content":{"rendered":"<div class=\"elementor-element elementor-element-c5e877c elementor-widget elementor-widget-text-editor\" data-id=\"c5e877c\" data-element_type=\"widget\" data-widget_type=\"text-editor.default\">\n<div class=\"elementor-widget-container\">\n<div class=\"introduccion\">\n<p>Un \u00e0lbum sobre l&#8217;enveja, perfecte per apreciar I cuidar all\u00f2 que tenim: cada jard\u00ed t\u00e9 la seva pr\u00f2pia bellesa I necessita amor I cura per florir.<\/p>\n<p>Una de les nostres grans apostes nacionals del 2024. Gala Pont \u00e9s una de les il\u00b7lustradores m\u00e9s reconegudes del pa\u00eds: aquest \u00e9s el seu debut tamb\u00e9 com a escriptora. Un cant al m\u00f3n de la bot\u00e0nica i de la jardineria, perqu\u00e8 els nens entenguin el plaer de tenir cura de les plantes.<\/p>\n<\/div>\n<\/div>\n<\/div>\n","protected":false},"excerpt":{"rendered":"<p>AUTOR: Gala Pont<br \/>\nISBN: 9788410025363<br \/>\nEDICI\u00d3: 1a<br \/>\nENQUADERNACI\u00d3: Tapa dura<br \/>\nFORMAT: 26 cm x 24 cm<br \/>\nP\u00c0GINES: 48<br \/>\nIDIOMA: Catal\u00e0<\/p>\n<p>EDAT: Fins a 5 anys<\/p>\n","protected":false},"featured_media":44940,"template":"","meta":[],"product_cat":[18,47],"product_tag":[],"_links":{"self":[{"href":"https:\/\/www.vilaweb.cat\/botiga\/wp-json\/wp\/v2\/product\/44939"}],"collection":[{"href":"https:\/\/www.vilaweb.cat\/botiga\/wp-json\/wp\/v2\/product"}],"about":[{"href":"https:\/\/www.vilaweb.cat\/botiga\/wp-json\/wp\/v2\/types\/product"}],"wp:featuredmedia":[{"embeddable":true,"href":"https:\/\/www.vilaweb.cat\/botiga\/wp-json\/wp\/v2\/media\/44940"}],"wp:attachment":[{"href":"https:\/\/www.vilaweb.cat\/botiga\/wp-json\/wp\/v2\/media?parent=44939"}],"wp:term":[{"taxonomy":"product_cat","embeddable":true,"href":"https:\/\/www.vilaweb.cat\/botiga\/wp-json\/wp\/v2\/product_cat?post=44939"},{"taxonomy":"product_tag","embeddable":true,"href":"https:\/\/www.vilaweb.cat\/botiga\/wp-json\/wp\/v2\/product_tag?post=44939"}],"curies":[{"name":"wp","href":"https:\/\/api.w.org\/{rel}","templated":true}]}}