{"id":44937,"date":"2025-11-04T18:31:03","date_gmt":"2025-11-04T17:31:03","guid":{"rendered":"https:\/\/www.vilaweb.cat\/botiga\/?post_type=product&#038;p=44937"},"modified":"2025-11-04T19:38:12","modified_gmt":"2025-11-04T18:38:12","slug":"quanta-gent-es-necessita","status":"publish","type":"product","link":"https:\/\/www.vilaweb.cat\/botiga\/producte\/quanta-gent-es-necessita\/","title":{"rendered":"Quanta gent es necessita?"},"content":{"rendered":"<div class=\"elementor-element elementor-element-c5e877c elementor-widget elementor-widget-text-editor\" data-id=\"c5e877c\" data-element_type=\"widget\" data-widget_type=\"text-editor.default\">\n<div class=\"elementor-widget-container\">\n<div class=\"introduccion\">\n<p><strong>Un original llibre-joc per pensar i compartir els afectes, la conviv\u00e8ncia i la solidaritat.<\/strong><\/p>\n<p>Som animals socials. Des que arribem al m\u00f3n necessitem al nostre costat persones que ens cuidin, que ens facin costat i que ens estimin, persones que ens\u00a0ajudin a cr\u00e9ixer i a compartir, persones amb les quals podem construir un m\u00f3n\u00a0millor. Aquest \u00e0lbum ens convida a reflexionar sobre aquests aspectes d\u2019una manera po\u00e8tica i senzilla, a l\u2019abast dels m\u00e9s petits tamb\u00e9 a repensar el concepte de\u00a0comunitat i a valorar les relacions humanes i la conviv\u00e8ncia.<\/p>\n<p>L\u2019obra, ideal per compartir a qualsevol edat, es planteja com un joc de preguntes\u00a0i respostes que permeten respondre lliurement a cada lector o lectora fer la volta\u00a0al llibre i, com si es tract\u00e9s de la soluci\u00f3 d\u2019una endevinalla, llegir la resposta oculta que l\u2019autora ens proposa. Les il\u00b7lustracions a doble p\u00e0gina s\u00f3n divertits collages plens d\u2019humor i plens de color que aporten nova informaci\u00f3 que ens ajudar\u00e0 a reflexionar i a respondre a les q\u00fcestions que aqu\u00ed es plantegen. Atreveix-te a\u00a0pensar por tu mateix, no hi ha respostes incorrectes!<\/p>\n<\/div>\n<\/div>\n<\/div>\n","protected":false},"excerpt":{"rendered":"<p>AUTOR: Anna Font<br \/>\nISBN: 9788410387003<br \/>\nEDICI\u00d3: 1a<br \/>\nENQUADERNACI\u00d3: Tapa dura<br \/>\nFORMAT: 21 cm x 29 cm<br \/>\nP\u00c0GINES: 36<br \/>\nIDIOMA: Catal\u00e0<\/p>\n<p>EDAT: Fins a 5 anys<\/p>\n","protected":false},"featured_media":44938,"template":"","meta":[],"product_cat":[47,18],"product_tag":[],"_links":{"self":[{"href":"https:\/\/www.vilaweb.cat\/botiga\/wp-json\/wp\/v2\/product\/44937"}],"collection":[{"href":"https:\/\/www.vilaweb.cat\/botiga\/wp-json\/wp\/v2\/product"}],"about":[{"href":"https:\/\/www.vilaweb.cat\/botiga\/wp-json\/wp\/v2\/types\/product"}],"wp:featuredmedia":[{"embeddable":true,"href":"https:\/\/www.vilaweb.cat\/botiga\/wp-json\/wp\/v2\/media\/44938"}],"wp:attachment":[{"href":"https:\/\/www.vilaweb.cat\/botiga\/wp-json\/wp\/v2\/media?parent=44937"}],"wp:term":[{"taxonomy":"product_cat","embeddable":true,"href":"https:\/\/www.vilaweb.cat\/botiga\/wp-json\/wp\/v2\/product_cat?post=44937"},{"taxonomy":"product_tag","embeddable":true,"href":"https:\/\/www.vilaweb.cat\/botiga\/wp-json\/wp\/v2\/product_tag?post=44937"}],"curies":[{"name":"wp","href":"https:\/\/api.w.org\/{rel}","templated":true}]}}