{"id":44935,"date":"2025-11-04T18:06:14","date_gmt":"2025-11-04T17:06:14","guid":{"rendered":"https:\/\/www.vilaweb.cat\/botiga\/?post_type=product&#038;p=44935"},"modified":"2025-12-24T13:44:28","modified_gmt":"2025-12-24T12:44:28","slug":"cami-de-la-festa","status":"publish","type":"product","link":"https:\/\/www.vilaweb.cat\/botiga\/producte\/cami-de-la-festa\/","title":{"rendered":"Cam\u00ed de la festa"},"content":{"rendered":"<div class=\"elementor-element elementor-element-c5e877c elementor-widget elementor-widget-text-editor\" data-id=\"c5e877c\" data-element_type=\"widget\" data-widget_type=\"text-editor.default\">\n<div class=\"elementor-widget-container\">\n<div class=\"introduccion\">Un \u00e0lbum enginy\u00f3s i divertit escrit per Meritxell Mart\u00ed, amb una estructura basada en la repetici\u00f3 que convida a la lectura en veu alta. Acompanyat de les il\u00b7lustracions de l\u2019Anna Aparicio, que transporten a un bosc ple de personatges \u00fanics i fascinants on cercar i jugar mentre gaudim de la lectura.<\/div>\n<\/div>\n<\/div>\n","protected":false},"excerpt":{"rendered":"<p>AUTOR: Meritxell Mart\u00ed<br \/>\nISBN: 9788410090538<br \/>\nEDICI\u00d3: 1a<br \/>\nENQUADERNACI\u00d3: Tapa dura<br \/>\nFORMAT: 20 cm x 26 cm<br \/>\nP\u00c0GINES: 48<br \/>\nIDIOMA: Catal\u00e0<\/p>\n<p>EDAT: Fins a 5 anys<\/p>\n","protected":false},"featured_media":44936,"template":"","meta":[],"product_cat":[47,18],"product_tag":[],"_links":{"self":[{"href":"https:\/\/www.vilaweb.cat\/botiga\/wp-json\/wp\/v2\/product\/44935"}],"collection":[{"href":"https:\/\/www.vilaweb.cat\/botiga\/wp-json\/wp\/v2\/product"}],"about":[{"href":"https:\/\/www.vilaweb.cat\/botiga\/wp-json\/wp\/v2\/types\/product"}],"wp:featuredmedia":[{"embeddable":true,"href":"https:\/\/www.vilaweb.cat\/botiga\/wp-json\/wp\/v2\/media\/44936"}],"wp:attachment":[{"href":"https:\/\/www.vilaweb.cat\/botiga\/wp-json\/wp\/v2\/media?parent=44935"}],"wp:term":[{"taxonomy":"product_cat","embeddable":true,"href":"https:\/\/www.vilaweb.cat\/botiga\/wp-json\/wp\/v2\/product_cat?post=44935"},{"taxonomy":"product_tag","embeddable":true,"href":"https:\/\/www.vilaweb.cat\/botiga\/wp-json\/wp\/v2\/product_tag?post=44935"}],"curies":[{"name":"wp","href":"https:\/\/api.w.org\/{rel}","templated":true}]}}