{"id":44933,"date":"2025-11-04T18:01:28","date_gmt":"2025-11-04T17:01:28","guid":{"rendered":"https:\/\/www.vilaweb.cat\/botiga\/?post_type=product&#038;p=44933"},"modified":"2026-01-02T13:14:31","modified_gmt":"2026-01-02T12:14:31","slug":"coreografies-animals","status":"publish","type":"product","link":"https:\/\/www.vilaweb.cat\/botiga\/producte\/coreografies-animals\/","title":{"rendered":"Coreografies animals"},"content":{"rendered":"<div class=\"elementor-element elementor-element-c5e877c elementor-widget elementor-widget-text-editor\" data-id=\"c5e877c\" data-element_type=\"widget\" data-widget_type=\"text-editor.default\">\n<div class=\"elementor-widget-container\">\n<p>A la natura, molts animals es mouen en grup com si seguissin una coreografia secreta. A l\u00b4aire, a l\u00b4aigua o sobre la terra, els seus moviments s\u00f3n tan precisos com sorprenents. Una mirada sobre com els animals s\u00b4organitzen en grups per ser m\u00e9s resistents i efectius. Descobreix alguns dels espectacles col lectius m\u00e9s fascinants del m\u00f3n animal i deixa\u00b4t portar pel ritme de la vida salvatge!<\/p>\n<\/div>\n<\/div>\n","protected":false},"excerpt":{"rendered":"<p>AUTOR: N\u00faria Solsona<br \/>\nISBN: 9791387709525<br \/>\nEDICI\u00d3: 1a<br \/>\nENQUADERNACI\u00d3: Tapa r\u00fastica amb solapes<br \/>\nFORMAT: 15 cm x 40 cm<br \/>\nP\u00c0GINES: 24<br \/>\nIDIOMA: Catal\u00e0<\/p>\n<p>EDAT: De 8 a 10 anys<\/p>\n","protected":false},"featured_media":44934,"template":"","meta":[],"product_cat":[47,18],"product_tag":[],"_links":{"self":[{"href":"https:\/\/www.vilaweb.cat\/botiga\/wp-json\/wp\/v2\/product\/44933"}],"collection":[{"href":"https:\/\/www.vilaweb.cat\/botiga\/wp-json\/wp\/v2\/product"}],"about":[{"href":"https:\/\/www.vilaweb.cat\/botiga\/wp-json\/wp\/v2\/types\/product"}],"wp:featuredmedia":[{"embeddable":true,"href":"https:\/\/www.vilaweb.cat\/botiga\/wp-json\/wp\/v2\/media\/44934"}],"wp:attachment":[{"href":"https:\/\/www.vilaweb.cat\/botiga\/wp-json\/wp\/v2\/media?parent=44933"}],"wp:term":[{"taxonomy":"product_cat","embeddable":true,"href":"https:\/\/www.vilaweb.cat\/botiga\/wp-json\/wp\/v2\/product_cat?post=44933"},{"taxonomy":"product_tag","embeddable":true,"href":"https:\/\/www.vilaweb.cat\/botiga\/wp-json\/wp\/v2\/product_tag?post=44933"}],"curies":[{"name":"wp","href":"https:\/\/api.w.org\/{rel}","templated":true}]}}