{"id":44897,"date":"2025-10-31T19:17:15","date_gmt":"2025-10-31T18:17:15","guid":{"rendered":"https:\/\/www.vilaweb.cat\/botiga\/?post_type=product&#038;p=44897"},"modified":"2025-11-24T12:05:02","modified_gmt":"2025-11-24T11:05:02","slug":"salvador-espriu-i-els-seus-veins","status":"publish","type":"product","link":"https:\/\/www.vilaweb.cat\/botiga\/producte\/salvador-espriu-i-els-seus-veins\/","title":{"rendered":"Salvador Espriu i els seus ve\u00efns"},"content":{"rendered":"<div class=\"elementor-element elementor-element-c5e877c elementor-widget elementor-widget-text-editor\" data-id=\"c5e877c\" data-element_type=\"widget\" data-widget_type=\"text-editor.default\">\n<div class=\"elementor-widget-container\">\n<p>Aquesta \u00e9s una guia poc convencional, que es devora com un recull de contes. No \u00e9s exhaustiva ni erudita, per\u00f2 fa descobrir monuments funeraris, escultures d&#8217;autors reconeguts i hist\u00f2ries i llegendes d&#8217;alguns dels personatges que hi tenen sepultura. \u00c9s tamb\u00e9 una bona manera d&#8217;acostar-nos a l&#8217;obra de Salvador Espriu que va convertir el patrimoni cultural del cementiri d&#8217;Arenys de Mar en paisatge i imaginari literari.<\/p>\n<\/div>\n<\/div>\n","protected":false},"excerpt":{"rendered":"<p>AUTOR: Pep Quintana Riera i Ignasi Massaguer<br \/>\nISBN: 9791399077605<br \/>\nEDICI\u00d3: 1a<br \/>\nENQUADERNACI\u00d3: Tapa r\u00fastica amb solapes<br \/>\nFORMAT: 14 cm x 21 cm<br \/>\nP\u00c0GINES: 80<br \/>\nIDIOMA: Catal\u00e0<\/p>\n","protected":false},"featured_media":44898,"template":"","meta":[],"product_cat":[45,18],"product_tag":[],"_links":{"self":[{"href":"https:\/\/www.vilaweb.cat\/botiga\/wp-json\/wp\/v2\/product\/44897"}],"collection":[{"href":"https:\/\/www.vilaweb.cat\/botiga\/wp-json\/wp\/v2\/product"}],"about":[{"href":"https:\/\/www.vilaweb.cat\/botiga\/wp-json\/wp\/v2\/types\/product"}],"wp:featuredmedia":[{"embeddable":true,"href":"https:\/\/www.vilaweb.cat\/botiga\/wp-json\/wp\/v2\/media\/44898"}],"wp:attachment":[{"href":"https:\/\/www.vilaweb.cat\/botiga\/wp-json\/wp\/v2\/media?parent=44897"}],"wp:term":[{"taxonomy":"product_cat","embeddable":true,"href":"https:\/\/www.vilaweb.cat\/botiga\/wp-json\/wp\/v2\/product_cat?post=44897"},{"taxonomy":"product_tag","embeddable":true,"href":"https:\/\/www.vilaweb.cat\/botiga\/wp-json\/wp\/v2\/product_tag?post=44897"}],"curies":[{"name":"wp","href":"https:\/\/api.w.org\/{rel}","templated":true}]}}