{"id":44893,"date":"2025-10-31T19:02:52","date_gmt":"2025-10-31T18:02:52","guid":{"rendered":"https:\/\/www.vilaweb.cat\/botiga\/?post_type=product&#038;p=44893"},"modified":"2026-01-02T10:56:36","modified_gmt":"2026-01-02T09:56:36","slug":"entra-lesperit","status":"publish","type":"product","link":"https:\/\/www.vilaweb.cat\/botiga\/producte\/entra-lesperit\/","title":{"rendered":"Entra l\u2019Esperit"},"content":{"rendered":"<div class=\"elementor-element elementor-element-c5e877c elementor-widget elementor-widget-text-editor\" data-id=\"c5e877c\" data-element_type=\"widget\" data-widget_type=\"text-editor.default\">\n<div class=\"elementor-widget-container\">\n<p>Despr\u00e9s de viure molts anys allunyada de la terra dels seus pares, i quan encara s\u2019est\u00e0 refent d\u2019una ruptura sentimental, l\u2019actriu Sonia Nassir torna a Haifa per visitar la seva germana gran, la Haneen. Quan hi arriba, es troba que el seu vincle amb Palestina \u00e9s molt fr\u00e0gil: hi t\u00e9 les arrels, per\u00f2 alhora tot li \u00e9s ali\u00e8.<\/p>\n<p>Quan coneix la Mariam, que dirigeix una representaci\u00f3 de Hamlet a Cisjord\u00e0nia, decideix formar-ne part. Immersa en l\u2019obra de teatre, la vida que sempre ha conegut comen\u00e7a a deixar pas a la fascinant possibilitat de trobar un nou jo a la seva terra natal.<\/p>\n<\/div>\n<\/div>\n","protected":false},"excerpt":{"rendered":"<p>AUTOR: Isabella Hammad<br \/>\nISBN: 9788417353612<br \/>\nEDICI\u00d3: 1a<br \/>\nENQUADERNACI\u00d3: Tapa r\u00fastica amb solapes<br \/>\nFORMAT: 17 cm x 22 cm<br \/>\nP\u00c0GINES: 256<br \/>\nIDIOMA: Catal\u00e0<\/p>\n","protected":false},"featured_media":44894,"template":"","meta":[],"product_cat":[49,18],"product_tag":[],"_links":{"self":[{"href":"https:\/\/www.vilaweb.cat\/botiga\/wp-json\/wp\/v2\/product\/44893"}],"collection":[{"href":"https:\/\/www.vilaweb.cat\/botiga\/wp-json\/wp\/v2\/product"}],"about":[{"href":"https:\/\/www.vilaweb.cat\/botiga\/wp-json\/wp\/v2\/types\/product"}],"wp:featuredmedia":[{"embeddable":true,"href":"https:\/\/www.vilaweb.cat\/botiga\/wp-json\/wp\/v2\/media\/44894"}],"wp:attachment":[{"href":"https:\/\/www.vilaweb.cat\/botiga\/wp-json\/wp\/v2\/media?parent=44893"}],"wp:term":[{"taxonomy":"product_cat","embeddable":true,"href":"https:\/\/www.vilaweb.cat\/botiga\/wp-json\/wp\/v2\/product_cat?post=44893"},{"taxonomy":"product_tag","embeddable":true,"href":"https:\/\/www.vilaweb.cat\/botiga\/wp-json\/wp\/v2\/product_tag?post=44893"}],"curies":[{"name":"wp","href":"https:\/\/api.w.org\/{rel}","templated":true}]}}