{"id":44889,"date":"2025-10-31T18:47:30","date_gmt":"2025-10-31T17:47:30","guid":{"rendered":"https:\/\/www.vilaweb.cat\/botiga\/?post_type=product&#038;p=44889"},"modified":"2025-12-09T13:02:31","modified_gmt":"2025-12-09T12:02:31","slug":"oleee-torno-a-ser-aqui","status":"publish","type":"product","link":"https:\/\/www.vilaweb.cat\/botiga\/producte\/oleee-torno-a-ser-aqui\/","title":{"rendered":"Olee\u00e9! Torno a ser aqu\u00ed"},"content":{"rendered":"<div class=\"elementor-element elementor-element-c5e877c elementor-widget elementor-widget-text-editor\" data-id=\"c5e877c\" data-element_type=\"widget\" data-widget_type=\"text-editor.default\">\n<div class=\"elementor-widget-container\">\n<p>Aquest llibre recull el diari de Jordi Vendrell, una veu imprescindible de la r\u00e0dio catalana. Hi narra el proc\u00e9s de creaci\u00f3 del programa\u00a0<em>L\u2019Orquestra<\/em>\u00a0a Catalunya R\u00e0dio, des de la proposta inicial fins als comentaris sobre els primers programes. El text tamb\u00e9 inclou reflexions de Vendrell sobre la r\u00e0dio i el periodisme, aix\u00ed com la mirada dels amics que mantenen viu el record del seu company despr\u00e9s de la seva mort, l\u2019any 2001. El projecte, impulsat per Benjam\u00ed Villoslada i editat per Nurith Levy i Jordi Rodon, \u00e9s una obra col\u00b7lectiva i coral, com ho era\u00a0<em>L\u2019Orquestra<\/em>. .<\/p>\n<p>El llibre tamb\u00e9 aborda el tancament traum\u00e0tic del programa, censurat l\u2019any 1992 despr\u00e9s d\u2019un debat sobre les detencions d\u2019independentistes. Per mitj\u00e0 d\u2019aquest volum es vol donar una nova oportunitat per escoltar la seva veu, recuperar els seus escrits i reflexions sobre el periodisme, i continuar el llegat de la seva feina a la r\u00e0dio. En definitiva, \u00e9s tamb\u00e9 un treball de dol compartit i una invitaci\u00f3 a les noves generacions de periodistes a seguir el cam\u00ed de llibertat i creativitat que va defensar<\/p>\n<\/div>\n<\/div>\n","protected":false},"excerpt":{"rendered":"<p>AUTOR: Jordi Vendrell<br \/>\nISBN: 9788412996555<br \/>\nEDICI\u00d3: 1a<br \/>\nENQUADERNACI\u00d3: Tapa r\u00fastica amb solapes<br \/>\nFORMAT: 17 cm x 22 cm<br \/>\nP\u00c0GINES: 246<br \/>\nIDIOMA: Catal\u00e0<\/p>\n","protected":false},"featured_media":44890,"template":"","meta":[],"product_cat":[45,18],"product_tag":[],"_links":{"self":[{"href":"https:\/\/www.vilaweb.cat\/botiga\/wp-json\/wp\/v2\/product\/44889"}],"collection":[{"href":"https:\/\/www.vilaweb.cat\/botiga\/wp-json\/wp\/v2\/product"}],"about":[{"href":"https:\/\/www.vilaweb.cat\/botiga\/wp-json\/wp\/v2\/types\/product"}],"wp:featuredmedia":[{"embeddable":true,"href":"https:\/\/www.vilaweb.cat\/botiga\/wp-json\/wp\/v2\/media\/44890"}],"wp:attachment":[{"href":"https:\/\/www.vilaweb.cat\/botiga\/wp-json\/wp\/v2\/media?parent=44889"}],"wp:term":[{"taxonomy":"product_cat","embeddable":true,"href":"https:\/\/www.vilaweb.cat\/botiga\/wp-json\/wp\/v2\/product_cat?post=44889"},{"taxonomy":"product_tag","embeddable":true,"href":"https:\/\/www.vilaweb.cat\/botiga\/wp-json\/wp\/v2\/product_tag?post=44889"}],"curies":[{"name":"wp","href":"https:\/\/api.w.org\/{rel}","templated":true}]}}