{"id":44849,"date":"2025-10-27T19:32:05","date_gmt":"2025-10-27T18:32:05","guid":{"rendered":"https:\/\/www.vilaweb.cat\/botiga\/?post_type=product&#038;p=44849"},"modified":"2026-03-30T11:07:03","modified_gmt":"2026-03-30T09:07:03","slug":"alps-laventura-de-la-meva-vida","status":"publish","type":"product","link":"https:\/\/www.vilaweb.cat\/botiga\/producte\/alps-laventura-de-la-meva-vida\/","title":{"rendered":"Alps. M\u00e9s enll\u00e0 dels l\u00edmits"},"content":{"rendered":"<div class=\"elementor-element elementor-element-c5e877c elementor-widget elementor-widget-text-editor\" data-id=\"c5e877c\" data-element_type=\"widget\" data-widget_type=\"text-editor.default\">\n<div class=\"elementor-widget-container\">Kilian Jornet ha assolit una nova fita sense precedents: enlla\u00e7ar els 82 cims de m\u00e9s de 4.000 metres dels Alps en 19 dies nom\u00e9s amb la seva for\u00e7a, sense fer servir cap vehicle a motor. Cap \u00e9sser hum\u00e0 ho havia aconseguit abans. Aquest llibre \u00e9s el relat \u00edntim i apassionant d\u2019una travessa en qu\u00e8 ha posat a prova la seva capacitat no nom\u00e9s f\u00edsica, sin\u00f3 tamb\u00e9 mental: la concentraci\u00f3 trema ha estat clau per a l\u2019\u00e8xit. Des dels cims m\u00e9s ic\u00f2nics fins als refugis m\u00e9s remots, Jornet ens guia per una experi\u00e8ncia que ell mateix defineix com \u00abl\u2019aventura de la meva vida\u00bb. Amb una veu propera i reflexiva, comparteix amb tots nosaltres la profunda connexi\u00f3 amb la muntanya que l\u2019empeny a superar-se una vegada i una altra. Amb imatges impressionants, testimonis dels qui el van acompanyar \u2014amics, fam\u00edlia i experts\u2014 i visualitzacions detallades de la ruta, aquest llibre ens permet submergir-nos en la seva esta m\u00e9s ambiciosa. Una aventura extraordin\u00e0ria que posa a prova els l\u00edmits d\u2019una llegenda de l\u2019esport.<\/div>\n<\/div>\n","protected":false},"excerpt":{"rendered":"<p>AUTOR: Kilian Jornet<br \/>\nISBN: 9788411731102<br \/>\nEDICI\u00d3: 1a<br \/>\nENQUADERNACI\u00d3: Tapa dura<br \/>\nFORMAT: 19 cm x 26 cm<br \/>\nP\u00c0GINES: 216<br \/>\nIDIOMA: Catal\u00e0<\/p>\n","protected":false},"featured_media":44850,"template":"","meta":[],"product_cat":[45,18],"product_tag":[],"_links":{"self":[{"href":"https:\/\/www.vilaweb.cat\/botiga\/wp-json\/wp\/v2\/product\/44849"}],"collection":[{"href":"https:\/\/www.vilaweb.cat\/botiga\/wp-json\/wp\/v2\/product"}],"about":[{"href":"https:\/\/www.vilaweb.cat\/botiga\/wp-json\/wp\/v2\/types\/product"}],"wp:featuredmedia":[{"embeddable":true,"href":"https:\/\/www.vilaweb.cat\/botiga\/wp-json\/wp\/v2\/media\/44850"}],"wp:attachment":[{"href":"https:\/\/www.vilaweb.cat\/botiga\/wp-json\/wp\/v2\/media?parent=44849"}],"wp:term":[{"taxonomy":"product_cat","embeddable":true,"href":"https:\/\/www.vilaweb.cat\/botiga\/wp-json\/wp\/v2\/product_cat?post=44849"},{"taxonomy":"product_tag","embeddable":true,"href":"https:\/\/www.vilaweb.cat\/botiga\/wp-json\/wp\/v2\/product_tag?post=44849"}],"curies":[{"name":"wp","href":"https:\/\/api.w.org\/{rel}","templated":true}]}}