{"id":44794,"date":"2025-10-23T19:19:51","date_gmt":"2025-10-23T17:19:51","guid":{"rendered":"https:\/\/www.vilaweb.cat\/botiga\/?post_type=product&#038;p=44794"},"modified":"2026-03-27T11:43:31","modified_gmt":"2026-03-27T10:43:31","slug":"calendari-de-lermita-2026","status":"publish","type":"product","link":"https:\/\/www.vilaweb.cat\/botiga\/producte\/calendari-de-lermita-2026\/","title":{"rendered":"Calendari de l\u2019Ermit\u00e0 2026"},"content":{"rendered":"<h4><b>INCLOU <\/b><b>CALENDARI 2026 retallable i\u00a0<\/b><b>antigues FELICITACIONS de NADAL col\u00b7leccionables<\/b><\/h4>\n<h4><strong>La GUIA m\u00e9s completa i actualitzada de fires, mercats setmanals i festes majors.<\/strong><\/h4>\n<h4><strong>Continguts renovats cada any, amb dades fiables i contrastades.<\/strong><\/h4>\n<p>El Calendari l\u2019Ermit\u00e0 es mant\u00e9 fidel a la seva ess\u00e8ncia de calendari tradicional oferint els continguts cl\u00e0ssics d\u2019aquestes publicacions com s\u00f3n les dades astron\u00f2miques (fases lunars, sortida del sol i la lluna, eclipsis\u2026), el sant del dia (santoral catal\u00e0 actualitzat) o la data de celebraci\u00f3 de les festes majors, fires i mercats, juntament amb altres continguts com les recomanacions pel bon conreu de l\u2019hort i el jard\u00ed, les fruites i hortalisses de cada estaci\u00f3, les herbes remeieres, etc.<\/p>\n<p>Donant continu\u00eftat a la novetat de l\u2019any passat, els lectors del Calendari Ermit\u00e0 2024 podran gaudir d\u2019alguns dels articles en format \u00e0udio.<br \/>\nEnguany podrem escoltar les veus de fra Valent\u00ed Serra de Manresa, el senyor Marcel\u00b7l\u00ed Virgili, Tom\u00e0s Molina, Amadeu<br \/>\nEs pot accedir als \u00e0udios a trav\u00e9s del codi QR que es troba al calendari.<\/p>\n","protected":false},"excerpt":{"rendered":"<p>El calendari m\u00e9s tradicional. M\u00e9s de 149 anys recollint la saviesa del m\u00f3n rural, la cultura popular i les tradicions.<\/p>\n<p>Continguts renovats cada any, amb dades fiables i contrastades.<\/p>\n<p>Idioma: catal\u00e0<\/p>\n<p>ISBN: 9788412798586<\/p>\n","protected":false},"featured_media":44797,"template":"","meta":[],"product_cat":[304,93],"product_tag":[],"_links":{"self":[{"href":"https:\/\/www.vilaweb.cat\/botiga\/wp-json\/wp\/v2\/product\/44794"}],"collection":[{"href":"https:\/\/www.vilaweb.cat\/botiga\/wp-json\/wp\/v2\/product"}],"about":[{"href":"https:\/\/www.vilaweb.cat\/botiga\/wp-json\/wp\/v2\/types\/product"}],"wp:featuredmedia":[{"embeddable":true,"href":"https:\/\/www.vilaweb.cat\/botiga\/wp-json\/wp\/v2\/media\/44797"}],"wp:attachment":[{"href":"https:\/\/www.vilaweb.cat\/botiga\/wp-json\/wp\/v2\/media?parent=44794"}],"wp:term":[{"taxonomy":"product_cat","embeddable":true,"href":"https:\/\/www.vilaweb.cat\/botiga\/wp-json\/wp\/v2\/product_cat?post=44794"},{"taxonomy":"product_tag","embeddable":true,"href":"https:\/\/www.vilaweb.cat\/botiga\/wp-json\/wp\/v2\/product_tag?post=44794"}],"curies":[{"name":"wp","href":"https:\/\/api.w.org\/{rel}","templated":true}]}}