{"id":44779,"date":"2025-10-22T10:09:19","date_gmt":"2025-10-22T08:09:19","guid":{"rendered":"https:\/\/www.vilaweb.cat\/botiga\/?post_type=product&#038;p=44779"},"modified":"2026-04-17T18:49:58","modified_gmt":"2026-04-17T16:49:58","slug":"contra-el-silenci-i-la-impunitat","status":"publish","type":"product","link":"https:\/\/www.vilaweb.cat\/botiga\/producte\/contra-el-silenci-i-la-impunitat\/","title":{"rendered":"Contra el silenci i la impunitat"},"content":{"rendered":"<p>Aquest llibre recull la mirada cr\u00edtica i compromesa del periodista Xavier Montany\u00e0 sobre la impunitat del franquisme, els fraus de la transici\u00f3 i els silencis que encara avui condicionen la nostra mem\u00f2ria col\u00b7lectiva. El franquisme no \u00e9s una ombra difusa i cinquanta anys m\u00e9s tard encara no s&#8217;ha fet just\u00edcia. Moltes hist\u00f2ries que es documenten en aquest llibre -de vides arrabassades, de milers de desapareguts o d&#8217;herois de la resist\u00e8ncia- ens han fet com som. Rescatar-les de l&#8217;oblit \u00e9s el motor d&#8217;aquesta obra, escrita amb const\u00e0ncia i contra corrent.<\/p>\n<p>Assumpci\u00f3 Maresma acompanya aquest exercici de periodisme rigor\u00f3s amb un pr\u00f2leg i una entrevista que permeten de con\u00e8ixer qui hi ha darrere aquests articles que q\u00fcestionen, amb dades i arguments, el relat oficial.<\/p>\n<p>El llibre \u00e9s, en definitiva, un homenatge als oblidats i una eina contra la desmem\u00f2ria.<\/p>\n<p>&#8220;La guerra per la mem\u00f2ria \u00e9s lenta, llarga i no s\u00e9 si t\u00e9 final.&#8221; Xavier Montany\u00e0.<\/p>\n","protected":false},"excerpt":{"rendered":"<p>AUTOR: Xavier Montany\u00e0<br \/>\nISBN: 9788409754694<br \/>\nEDICI\u00d3: 1a<br \/>\nENQUADERNACI\u00d3: Tapa r\u00fastica amb solapes<br \/>\nFORMAT: 13 cm x 20 cm<br \/>\nP\u00c0GINES: 234<br \/>\nIDIOMA: Catal\u00e0<\/p>\n","protected":false},"featured_media":44780,"template":"","meta":[],"product_cat":[42,321,18,423,212],"product_tag":[],"_links":{"self":[{"href":"https:\/\/www.vilaweb.cat\/botiga\/wp-json\/wp\/v2\/product\/44779"}],"collection":[{"href":"https:\/\/www.vilaweb.cat\/botiga\/wp-json\/wp\/v2\/product"}],"about":[{"href":"https:\/\/www.vilaweb.cat\/botiga\/wp-json\/wp\/v2\/types\/product"}],"wp:featuredmedia":[{"embeddable":true,"href":"https:\/\/www.vilaweb.cat\/botiga\/wp-json\/wp\/v2\/media\/44780"}],"wp:attachment":[{"href":"https:\/\/www.vilaweb.cat\/botiga\/wp-json\/wp\/v2\/media?parent=44779"}],"wp:term":[{"taxonomy":"product_cat","embeddable":true,"href":"https:\/\/www.vilaweb.cat\/botiga\/wp-json\/wp\/v2\/product_cat?post=44779"},{"taxonomy":"product_tag","embeddable":true,"href":"https:\/\/www.vilaweb.cat\/botiga\/wp-json\/wp\/v2\/product_tag?post=44779"}],"curies":[{"name":"wp","href":"https:\/\/api.w.org\/{rel}","templated":true}]}}