{"id":44737,"date":"2025-10-17T17:58:30","date_gmt":"2025-10-17T15:58:30","guid":{"rendered":"https:\/\/www.vilaweb.cat\/botiga\/?post_type=product&#038;p=44737"},"modified":"2026-02-05T15:49:27","modified_gmt":"2026-02-05T14:49:27","slug":"memory-de-figures-singulars","status":"publish","type":"product","link":"https:\/\/www.vilaweb.cat\/botiga\/producte\/memory-de-figures-singulars\/","title":{"rendered":"Memory de figures singulars"},"content":{"rendered":"<p data-start=\"334\" data-end=\"502\"><strong data-start=\"334\" data-end=\"431\">Un joc educatiu i divertit per descobrir els dracs m\u00e9s emblem\u00e0tics de les festes de Catalunya<\/strong><\/p>\n<hr data-start=\"504\" data-end=\"507\" \/>\n<p data-start=\"471\" data-end=\"873\"><strong data-start=\"471\" data-end=\"542\">Endinsa\u2019t en la cultura popular catalana amb aquest joc de mem\u00f2ria!<\/strong><\/p>\n<p data-start=\"471\" data-end=\"873\">El\u00a0<strong data-start=\"548\" data-end=\"579\">Memory de Figures Singulars<\/strong>\u00a0\u00e9s un joc educatiu i divertit per a tota la fam\u00edlia, amb 40 cartes il\u00b7lustrades per\u00a0<strong data-start=\"664\" data-end=\"675\">JuanolO<\/strong>, un dels grans referents de la il\u00b7lustraci\u00f3 de cultura popular. Descobreix les figures singulars m\u00e9s emblem\u00e0tiques de les festes majors de Catalunya mentre exercites la mem\u00f2ria i la concentraci\u00f3.<\/p>\n<hr data-start=\"1139\" data-end=\"1142\" \/>\n<p data-start=\"1144\" data-end=\"1193\"><strong>Aprendre jugant: cultura, valors i mem\u00f2ria<\/strong><\/p>\n<ul data-start=\"1195\" data-end=\"1471\">\n<li data-start=\"1195\" data-end=\"1261\">\n<p data-start=\"1197\" data-end=\"1261\">Ideal per treballar\u00a0<strong data-start=\"1217\" data-end=\"1261\">la cultura popular a l\u2019aula o en fam\u00edlia<\/strong>.<\/p>\n<\/li>\n<li data-start=\"1262\" data-end=\"1337\">\n<p data-start=\"1264\" data-end=\"1337\">Afavoreix l\u2019<strong data-start=\"1276\" data-end=\"1290\">observaci\u00f3<\/strong>, la\u00a0<strong data-start=\"1295\" data-end=\"1313\">mem\u00f2ria visual<\/strong>\u00a0i el\u00a0<strong data-start=\"1319\" data-end=\"1337\">joc cooperatiu<\/strong>.<\/p>\n<\/li>\n<\/ul>\n<hr data-start=\"1473\" data-end=\"1476\" \/>\n<p data-start=\"1478\" data-end=\"1501\"><strong>Recomanat per a:<\/strong><\/p>\n<ul data-start=\"1503\" data-end=\"1881\">\n<li data-start=\"1503\" data-end=\"1591\">\n<p data-start=\"1505\" data-end=\"1591\"><strong data-start=\"1505\" data-end=\"1517\">Fam\u00edlies<\/strong>\u00a0que busquen jocs educatius i culturals per a infants a partir de 5 anys.<\/p>\n<\/li>\n<li data-start=\"1592\" data-end=\"1684\">\n<p data-start=\"1594\" data-end=\"1684\"><strong data-start=\"1594\" data-end=\"1605\">Mestres<\/strong>\u00a0que volen acostar la cultura popular als alumnes de cicle infantil i inicial.<\/p>\n<\/li>\n<li data-start=\"1685\" data-end=\"1779\">\n<p data-start=\"1687\" data-end=\"1779\"><strong data-start=\"1687\" data-end=\"1725\">Biblioteques escolars i municipals<\/strong>\u00a0que programen activitats sobre tradicions catalanes.<\/p>\n<\/li>\n<li data-start=\"1780\" data-end=\"1881\">\n<p data-start=\"1782\" data-end=\"1881\"><strong data-start=\"1782\" data-end=\"1822\">Professionals del lleure i educadors<\/strong>\u00a0que treballen amb patrimoni festiu i transmissi\u00f3 de valors.<\/p>\n<\/li>\n<\/ul>\n","protected":false},"excerpt":{"rendered":"<p>A partir de 4 anys<\/p>\n","protected":false},"featured_media":44738,"template":"","meta":[],"product_cat":[59,58,307,102],"product_tag":[],"_links":{"self":[{"href":"https:\/\/www.vilaweb.cat\/botiga\/wp-json\/wp\/v2\/product\/44737"}],"collection":[{"href":"https:\/\/www.vilaweb.cat\/botiga\/wp-json\/wp\/v2\/product"}],"about":[{"href":"https:\/\/www.vilaweb.cat\/botiga\/wp-json\/wp\/v2\/types\/product"}],"wp:featuredmedia":[{"embeddable":true,"href":"https:\/\/www.vilaweb.cat\/botiga\/wp-json\/wp\/v2\/media\/44738"}],"wp:attachment":[{"href":"https:\/\/www.vilaweb.cat\/botiga\/wp-json\/wp\/v2\/media?parent=44737"}],"wp:term":[{"taxonomy":"product_cat","embeddable":true,"href":"https:\/\/www.vilaweb.cat\/botiga\/wp-json\/wp\/v2\/product_cat?post=44737"},{"taxonomy":"product_tag","embeddable":true,"href":"https:\/\/www.vilaweb.cat\/botiga\/wp-json\/wp\/v2\/product_tag?post=44737"}],"curies":[{"name":"wp","href":"https:\/\/api.w.org\/{rel}","templated":true}]}}