{"id":44580,"date":"2025-10-08T13:46:41","date_gmt":"2025-10-08T11:46:41","guid":{"rendered":"https:\/\/www.vilaweb.cat\/botiga\/?post_type=product&#038;p=44580"},"modified":"2026-02-18T18:53:09","modified_gmt":"2026-02-18T17:53:09","slug":"difamacio","status":"publish","type":"product","link":"https:\/\/www.vilaweb.cat\/botiga\/producte\/difamacio\/","title":{"rendered":"Difamaci\u00f3"},"content":{"rendered":"<p>Un opinador amb fama d\u2019impertinent aprofita el c\u00e0ncer del director d\u2019un diari per atacar la seva muller, periodista com ell. Ser\u00e0 la v\u00eddua oficial de Catalunya!, profetitza. I li dedica una s\u00e8rie d\u2019articles que l\u2019escarneixen mentre la malaltia s\u2019emporta el seu marit.<\/p>\n<p>Deu anys m\u00e9s tard, la dona que va patir aquest escarni reflexiona sobre la natura de l\u2019acte que es va cometre contra ella. \u00bfQu\u00e8 motiva un difamador? \u00bfCom opera la difamaci\u00f3? \u00bfQuines ferides causa? \u00bfQuina mena de subjecte disminu\u00eft en surt? S\u00f3n preguntes que no interpel\u00b7len nom\u00e9s els mitjans, sin\u00f3 la societat sencera i global. Les xarxes socials ens han acostumat a la desqualificaci\u00f3 i a l\u2019insult per sistema. Un nombre d\u2019usuaris cada dia m\u00e9s gran els practica, una majoria aclaparadora de persones els entoma sense poder protegir-se\u2019n.<\/p>\n<p>Amb aquest assaig addictiu i brillant, Eva Piquer trenca la impunitat. Lluny de caure en la personalitzaci\u00f3 de l\u2019atac, fa servir la claredat de l\u2019an\u00e0lisi i la for\u00e7a dels arguments per guanyar la partida a l\u2019enemic. Llegint-lo tens la sensaci\u00f3 que triomfa una cosa que val la pena: l\u2019acci\u00f3 pertinent. Un llibre que no fa sang, sin\u00f3 just\u00edcia.<\/p>\n","protected":false},"excerpt":{"rendered":"<p>AUTOR: Eva Piquer<br \/>\nISBN: 9788473294874<br \/>\nEDICI\u00d3: 1a<br \/>\nENQUADERNACI\u00d3: Tapa r\u00fastica amb solapes<br \/>\nFORMAT: 13 cm x 20 cm<br \/>\nP\u00c0GINES: 128<br \/>\nIDIOMA: Catal\u00e0<\/p>\n","protected":false},"featured_media":44581,"template":"","meta":[],"product_cat":[42,18],"product_tag":[],"_links":{"self":[{"href":"https:\/\/www.vilaweb.cat\/botiga\/wp-json\/wp\/v2\/product\/44580"}],"collection":[{"href":"https:\/\/www.vilaweb.cat\/botiga\/wp-json\/wp\/v2\/product"}],"about":[{"href":"https:\/\/www.vilaweb.cat\/botiga\/wp-json\/wp\/v2\/types\/product"}],"wp:featuredmedia":[{"embeddable":true,"href":"https:\/\/www.vilaweb.cat\/botiga\/wp-json\/wp\/v2\/media\/44581"}],"wp:attachment":[{"href":"https:\/\/www.vilaweb.cat\/botiga\/wp-json\/wp\/v2\/media?parent=44580"}],"wp:term":[{"taxonomy":"product_cat","embeddable":true,"href":"https:\/\/www.vilaweb.cat\/botiga\/wp-json\/wp\/v2\/product_cat?post=44580"},{"taxonomy":"product_tag","embeddable":true,"href":"https:\/\/www.vilaweb.cat\/botiga\/wp-json\/wp\/v2\/product_tag?post=44580"}],"curies":[{"name":"wp","href":"https:\/\/api.w.org\/{rel}","templated":true}]}}