{"id":44576,"date":"2025-10-08T10:54:24","date_gmt":"2025-10-08T08:54:24","guid":{"rendered":"https:\/\/www.vilaweb.cat\/botiga\/?post_type=product&#038;p=44576"},"modified":"2026-04-08T22:40:51","modified_gmt":"2026-04-08T20:40:51","slug":"una-dona-de-la-teva-edat","status":"publish","type":"product","link":"https:\/\/www.vilaweb.cat\/botiga\/producte\/una-dona-de-la-teva-edat\/","title":{"rendered":"Una dona de la teva edat"},"content":{"rendered":"<p><strong>Una celebraci\u00f3 ferotge de la segona meitat de la vida<\/strong><\/p>\n<p>La protagonista d\u2019aquesta hist\u00f2ria hi ha un dia que diu &#8220;fins aqu\u00ed&#8221;. Despr\u00e9s de mitja vida emmotllant-se al patr\u00f3 que tocava \u2014esposa exemplar, mare abnegada, les il\u00b7lusions al calaix\u2014, decideix que la segona meitat la viur\u00e0 de manera diametralment oposada. Mai no \u00e9s f\u00e0cil nedar contra corrent, per\u00f2 ella decideix fer-ho igualment: marxa de casa, els fills li giren la cara, repesca la vocaci\u00f3 d\u2019escultora que li havien estroncat, i per acabar-ho d\u2019adobar, la conviden a la Biennal d\u00b4Art de Ven\u00e8cia. Qu\u00e8 li pot esperar, a alg\u00fa com ella, a la ciutat m\u00e9s t\u00f2picament rom\u00e0ntica del m\u00f3n?<\/p>\n<p><i>Una dona de la teva edat<\/i>\u00a0\u00e9s una novel\u00b7la sobre el foc que s\u2019enc\u00e9n a dins de cada dona justament quan tothom els ordena apagar-se i esborrar-se del mapa. Despr\u00e9s de\u00a0<i>Les nostres mares<\/i>, Gemma Ruiz Pal\u00e0 ens regala una protagonista que fa de la menopausa la millor rebel\u00b7li\u00f3 per, finalment, abra\u00e7ar l\u2019alegria de viure sense demanar perd\u00f3.<\/p>\n","protected":false},"excerpt":{"rendered":"<p><span style=\"color: #ff6600;\"><strong>LLIBRE SIGNAT PER SANT JORDI<\/strong><\/span><\/p>\n<p>Fins al<strong> 14\u00a0d\u2019abril<\/strong> podeu triar entre tot un ventall d\u2019autors i rebre&#8217;n el llibre dedicat i signat. Les compres de llibres signats s&#8217;hauran de fer a la <a href=\"https:\/\/www.vilaweb.cat\/botiga\/categoria-producte\/sant-jordi\/\"><b>Botiga en l\u00ednia.<\/b><\/a><\/p>\n<p><b>No agafem els enc\u00e0rrecs presencialment a la Botiga.<\/b><\/p>\n<p>Si \u00e9s un llibre que voleu regalar, ens podeu<b> indicar el nom <\/b>a qui s\u2019ha d\u2019adre\u00e7ar l\u2019autor, a l\u2019apartat <b>&#8220;notes de la comanda&#8221; <\/b>en el moment de formalitzar-la. Altrament, <b>es far\u00e0 una dedicat\u00f2ria gen\u00e8rica, no nominal.<\/b><\/p>\n<p>Us deixem <strong><a href=\"https:\/\/www.vilaweb.cat\/botiga\/categoria-producte\/sant-jordi\/\">la llista<\/a><\/strong> de llibres que podeu encarregar.<\/p>\n<p>* Les comandes de llibres estaran a punt i s&#8217;enviaran a partir del 15 d&#8217;abril perqu\u00e8 els rebeu abans de Sant Jordi, independentment del dia de la compra.<\/p>\n<p>AUTOR: Gemma Ruiz Pal\u00e0<br \/>\nISBN: 9788410488496<br \/>\nEDICI\u00d3: 1a<br \/>\nENQUADERNACI\u00d3: Tapa r\u00fastica amb solapes<br \/>\nFORMAT: 13 cm x 20 cm<br \/>\nP\u00c0GINES: 288<br \/>\nIDIOMA: Catal\u00e0<\/p>\n","protected":false},"featured_media":44577,"template":"","meta":[],"product_cat":[423,18,238,49],"product_tag":[],"_links":{"self":[{"href":"https:\/\/www.vilaweb.cat\/botiga\/wp-json\/wp\/v2\/product\/44576"}],"collection":[{"href":"https:\/\/www.vilaweb.cat\/botiga\/wp-json\/wp\/v2\/product"}],"about":[{"href":"https:\/\/www.vilaweb.cat\/botiga\/wp-json\/wp\/v2\/types\/product"}],"wp:featuredmedia":[{"embeddable":true,"href":"https:\/\/www.vilaweb.cat\/botiga\/wp-json\/wp\/v2\/media\/44577"}],"wp:attachment":[{"href":"https:\/\/www.vilaweb.cat\/botiga\/wp-json\/wp\/v2\/media?parent=44576"}],"wp:term":[{"taxonomy":"product_cat","embeddable":true,"href":"https:\/\/www.vilaweb.cat\/botiga\/wp-json\/wp\/v2\/product_cat?post=44576"},{"taxonomy":"product_tag","embeddable":true,"href":"https:\/\/www.vilaweb.cat\/botiga\/wp-json\/wp\/v2\/product_tag?post=44576"}],"curies":[{"name":"wp","href":"https:\/\/api.w.org\/{rel}","templated":true}]}}