{"id":44511,"date":"2025-10-03T11:34:46","date_gmt":"2025-10-03T09:34:46","guid":{"rendered":"https:\/\/www.vilaweb.cat\/botiga\/?post_type=product&#038;p=44511"},"modified":"2026-03-06T20:21:12","modified_gmt":"2026-03-06T19:21:12","slug":"calendari-dels-pagesos-2026","status":"publish","type":"product","link":"https:\/\/www.vilaweb.cat\/botiga\/producte\/calendari-dels-pagesos-2026\/","title":{"rendered":"Calendari dels Pagesos 2026"},"content":{"rendered":"<p><span style=\"font-weight: 400;\">El Calendari dels Pagesos \u00e9s un almanac que inclou informaci\u00f3 relacionada amb l&#8217;agricultura, la pagesia, la cultura i les tradicions catalanes. Actualment, \u00e9s la publicaci\u00f3 en llengua catalana que fa m\u00e9s anys que s&#8217;edita ininterrompudament; des de l&#8217;any 1861.<\/span><\/p>\n<p>&nbsp;<\/p>\n<p><span style=\"font-weight: 400;\">A part del calendari de l&#8217;any amb el santoral i les dades astron\u00f2miques com les llunacions i eclipsis de sol i de lluna, en aquesta publicaci\u00f3 s&#8217;hi troba informaci\u00f3 sobre les fires, mercats i festes majors de Catalunya, aix\u00ed com poesies, consells, dites populars tradicionals i un calendari de pr\u00e0ctiques agr\u00edcoles, sembres i plantacions.<\/span><\/p>\n<p>&nbsp;<\/p>\n<p><span style=\"font-weight: 400;\">Tamb\u00e9 s&#8217;hi recullen articles sobre continguts agr\u00edcoles d&#8217;actualitat o de tipus etnol\u00f2gic o cultural, i un Judici de l&#8217;Any que reflecteix, amb quartetes, el m\u00e9s destacable del que ha succe\u00eft l&#8217;any anterior.<\/span><\/p>\n","protected":false},"excerpt":{"rendered":"<p>Mida: 170 x 240 mm<br \/>\nP\u00e0gines: 56 + cobertes<\/p>\n<p>Inclou\u00a0<strong>calendari de paret<\/strong>.<\/p>\n","protected":false},"featured_media":44512,"template":"","meta":[],"product_cat":[304,93],"product_tag":[],"_links":{"self":[{"href":"https:\/\/www.vilaweb.cat\/botiga\/wp-json\/wp\/v2\/product\/44511"}],"collection":[{"href":"https:\/\/www.vilaweb.cat\/botiga\/wp-json\/wp\/v2\/product"}],"about":[{"href":"https:\/\/www.vilaweb.cat\/botiga\/wp-json\/wp\/v2\/types\/product"}],"wp:featuredmedia":[{"embeddable":true,"href":"https:\/\/www.vilaweb.cat\/botiga\/wp-json\/wp\/v2\/media\/44512"}],"wp:attachment":[{"href":"https:\/\/www.vilaweb.cat\/botiga\/wp-json\/wp\/v2\/media?parent=44511"}],"wp:term":[{"taxonomy":"product_cat","embeddable":true,"href":"https:\/\/www.vilaweb.cat\/botiga\/wp-json\/wp\/v2\/product_cat?post=44511"},{"taxonomy":"product_tag","embeddable":true,"href":"https:\/\/www.vilaweb.cat\/botiga\/wp-json\/wp\/v2\/product_tag?post=44511"}],"curies":[{"name":"wp","href":"https:\/\/api.w.org\/{rel}","templated":true}]}}