{"id":44463,"date":"2025-09-29T18:27:03","date_gmt":"2025-09-29T16:27:03","guid":{"rendered":"https:\/\/www.vilaweb.cat\/botiga\/?post_type=product&#038;p=44463"},"modified":"2026-01-27T12:17:27","modified_gmt":"2026-01-27T11:17:27","slug":"nan-cucut","status":"publish","type":"product","link":"https:\/\/www.vilaweb.cat\/botiga\/producte\/nan-cucut\/","title":{"rendered":"Nan Cucut"},"content":{"rendered":"<p data-start=\"334\" data-end=\"502\">Un joc educatiu i divertit per descobrir els dracs m\u00e9s emblem\u00e0tics de les festes de Catalunya<\/p>\n<p><strong>Nan Cucut<\/strong>, un dels personatges m\u00e9s emblem\u00e0tics de la nostra cultura, posa nom a aquest joc de 110 cartes que recull el bestiari festiu m\u00e9s representatiu de les nostres comarques.<\/p>\n<p><strong>\u00c9s un joc tipus filler amb una din\u00e0mica f\u00e0cil i molt divertida.<\/strong><\/p>\n<h3 id=\"com-es-juga\">Com es juga?<\/h3>\n<p>Forma paraules o suma els punts necessaris, amb les cartes dels capgrossos i gegants de les diferents poblacions, per alimentar les cucaferes o dracs necessaris i guanyar la partida abans que la resta de jugadors te\u2019ls prenguin utilitzant les seves cartes d\u2019acci\u00f3.<\/p>\n<p>Est\u00e0 dissenyat com un\u00a0<strong>filler d&#8217;interacci\u00f3 r\u00e0pida<\/strong>\u00a0amb la finalitat de fomentar la capacitat l\u00e8xica, argumentativa i l&#8217;escolta activa entre els jugadors, a part de promoure la visibilitat de la nostra llengua i cultura popular i els seus personatges als jocs de tauler.<\/p>\n<p>Un joc ideal per gaudir amb la fam\u00edlia i amics a les sobretaules d&#8217;aquest estiu!<\/p>\n","protected":false},"excerpt":{"rendered":"<p>2 a 6 jugadors<\/p>\n<p>+ 8 anys<\/p>\n<p>15 &#8211; 30 minuts<\/p>\n","protected":false},"featured_media":44467,"template":"","meta":[],"product_cat":[59,58,307,102],"product_tag":[],"_links":{"self":[{"href":"https:\/\/www.vilaweb.cat\/botiga\/wp-json\/wp\/v2\/product\/44463"}],"collection":[{"href":"https:\/\/www.vilaweb.cat\/botiga\/wp-json\/wp\/v2\/product"}],"about":[{"href":"https:\/\/www.vilaweb.cat\/botiga\/wp-json\/wp\/v2\/types\/product"}],"wp:featuredmedia":[{"embeddable":true,"href":"https:\/\/www.vilaweb.cat\/botiga\/wp-json\/wp\/v2\/media\/44467"}],"wp:attachment":[{"href":"https:\/\/www.vilaweb.cat\/botiga\/wp-json\/wp\/v2\/media?parent=44463"}],"wp:term":[{"taxonomy":"product_cat","embeddable":true,"href":"https:\/\/www.vilaweb.cat\/botiga\/wp-json\/wp\/v2\/product_cat?post=44463"},{"taxonomy":"product_tag","embeddable":true,"href":"https:\/\/www.vilaweb.cat\/botiga\/wp-json\/wp\/v2\/product_tag?post=44463"}],"curies":[{"name":"wp","href":"https:\/\/api.w.org\/{rel}","templated":true}]}}