{"id":44433,"date":"2025-09-25T17:43:00","date_gmt":"2025-09-25T15:43:00","guid":{"rendered":"https:\/\/www.vilaweb.cat\/botiga\/?post_type=product&#038;p=44433"},"modified":"2026-01-02T13:06:46","modified_gmt":"2026-01-02T12:06:46","slug":"memory-dels-dracs","status":"publish","type":"product","link":"https:\/\/www.vilaweb.cat\/botiga\/producte\/memory-dels-dracs\/","title":{"rendered":"Memory dels dracs"},"content":{"rendered":"<p data-start=\"334\" data-end=\"502\"><strong data-start=\"334\" data-end=\"431\">Un joc educatiu i divertit per descobrir els dracs m\u00e9s emblem\u00e0tics de les festes de Catalunya<\/strong><\/p>\n<hr data-start=\"504\" data-end=\"507\" \/>\n<p data-start=\"509\" data-end=\"903\">Descobreix la m\u00e0gia de la cultura popular catalana amb aquest\u00a0<em data-start=\"571\" data-end=\"579\">memory<\/em>\u00a0il\u00b7lustrat ple de\u00a0<strong>dracs<\/strong>\u00a0i\u00a0<strong>v\u00edbries<\/strong>\u00a0de les festes majors!\u00a0<em data-start=\"636\" data-end=\"655\">Memory dels Dracs<\/em>\u00a0\u00e9s un joc de taula infantil amb\u00a0<strong data-start=\"688\" data-end=\"713\">40 peces il\u00b7lustrades<\/strong>\u00a0que representen algunes de les figures m\u00e9s emblem\u00e0tiques del nostre patrimoni festiu: des del Drac Gaudiamus del Coll de Barcelona fins a la V\u00edbria de Reus o el Drac Rubricatus de Sant Boi.<\/p>\n<hr data-start=\"1139\" data-end=\"1142\" \/>\n<p data-start=\"1144\" data-end=\"1193\"><strong>Aprendre jugant: cultura, valors i mem\u00f2ria<\/strong><\/p>\n<ul data-start=\"1195\" data-end=\"1471\">\n<li data-start=\"1195\" data-end=\"1261\">\n<p data-start=\"1197\" data-end=\"1261\">Ideal per treballar\u00a0<strong data-start=\"1217\" data-end=\"1261\">la cultura popular a l\u2019aula o en fam\u00edlia<\/strong>.<\/p>\n<\/li>\n<li data-start=\"1262\" data-end=\"1337\">\n<p data-start=\"1264\" data-end=\"1337\">Afavoreix l\u2019<strong data-start=\"1276\" data-end=\"1290\">observaci\u00f3<\/strong>, la\u00a0<strong data-start=\"1295\" data-end=\"1313\">mem\u00f2ria visual<\/strong>\u00a0i el\u00a0<strong data-start=\"1319\" data-end=\"1337\">joc cooperatiu<\/strong>.<\/p>\n<\/li>\n<li data-start=\"1338\" data-end=\"1415\">\n<p data-start=\"1340\" data-end=\"1415\">Un recurs l\u00fadic per\u00a0<strong data-start=\"1360\" data-end=\"1415\">treballar la diversitat de dracs i figures festives<\/strong>.<\/p>\n<\/li>\n<\/ul>\n<hr data-start=\"1473\" data-end=\"1476\" \/>\n<p data-start=\"1478\" data-end=\"1501\"><strong>Recomanat per a:<\/strong><\/p>\n<ul data-start=\"1503\" data-end=\"1881\">\n<li data-start=\"1503\" data-end=\"1591\">\n<p data-start=\"1505\" data-end=\"1591\"><strong data-start=\"1505\" data-end=\"1517\">Fam\u00edlies<\/strong>\u00a0que busquen jocs educatius i culturals per a infants a partir de 5 anys.<\/p>\n<\/li>\n<li data-start=\"1592\" data-end=\"1684\">\n<p data-start=\"1594\" data-end=\"1684\"><strong data-start=\"1594\" data-end=\"1605\">Mestres<\/strong>\u00a0que volen acostar la cultura popular als alumnes de cicle infantil i inicial.<\/p>\n<\/li>\n<li data-start=\"1685\" data-end=\"1779\">\n<p data-start=\"1687\" data-end=\"1779\"><strong data-start=\"1687\" data-end=\"1725\">Biblioteques escolars i municipals<\/strong>\u00a0que programen activitats sobre tradicions catalanes.<\/p>\n<\/li>\n<li data-start=\"1780\" data-end=\"1881\">\n<p data-start=\"1782\" data-end=\"1881\"><strong data-start=\"1782\" data-end=\"1822\">Professionals del lleure i educadors<\/strong>\u00a0que treballen amb patrimoni festiu i transmissi\u00f3 de valors.<\/p>\n<\/li>\n<\/ul>\n","protected":false},"excerpt":{"rendered":"<p>A partir de 4 anys<\/p>\n","protected":false},"featured_media":44435,"template":"","meta":[],"product_cat":[59,58,307,102],"product_tag":[],"_links":{"self":[{"href":"https:\/\/www.vilaweb.cat\/botiga\/wp-json\/wp\/v2\/product\/44433"}],"collection":[{"href":"https:\/\/www.vilaweb.cat\/botiga\/wp-json\/wp\/v2\/product"}],"about":[{"href":"https:\/\/www.vilaweb.cat\/botiga\/wp-json\/wp\/v2\/types\/product"}],"wp:featuredmedia":[{"embeddable":true,"href":"https:\/\/www.vilaweb.cat\/botiga\/wp-json\/wp\/v2\/media\/44435"}],"wp:attachment":[{"href":"https:\/\/www.vilaweb.cat\/botiga\/wp-json\/wp\/v2\/media?parent=44433"}],"wp:term":[{"taxonomy":"product_cat","embeddable":true,"href":"https:\/\/www.vilaweb.cat\/botiga\/wp-json\/wp\/v2\/product_cat?post=44433"},{"taxonomy":"product_tag","embeddable":true,"href":"https:\/\/www.vilaweb.cat\/botiga\/wp-json\/wp\/v2\/product_tag?post=44433"}],"curies":[{"name":"wp","href":"https:\/\/api.w.org\/{rel}","templated":true}]}}