{"id":44345,"date":"2025-09-17T18:58:19","date_gmt":"2025-09-17T16:58:19","guid":{"rendered":"https:\/\/www.vilaweb.cat\/botiga\/?post_type=product&#038;p=44345"},"modified":"2025-12-05T21:55:47","modified_gmt":"2025-12-05T20:55:47","slug":"gegants-i-bestiari-el-patufet","status":"publish","type":"product","link":"https:\/\/www.vilaweb.cat\/botiga\/producte\/gegants-i-bestiari-el-patufet\/","title":{"rendered":"Gegants i bestiari. El patufet"},"content":{"rendered":"<div id=\"description\" class=\"tab-pane in active\">\n<div class=\"product-description\">\n<div class=\"rte-content\">\n<div class=\"p_leer_mas p_leer_mas_prod\">\n<p>IL\u00b7LUSTRACIONS D&#8217;HUGO PRADES EL PATUFET TRASLLADA LA TRADICI\u00d3 DE LES DIVERSES B\u00c8STIES FESTIVES D&#8217;ARREU DE CATALUNYA ALS PETITS DE CASA. Ei, menuts i menudes! El Patufet us acosta les tradicions m\u00e9s boniques del costumari catal\u00e0. En aquest conte fareu nous amics: gegants, nans, \u00e0ligues, dracs, mulasses i una llarga r\u00e8cula de b\u00e8sties festives. Conte amb MENYS TEXT, TOT EN CARTR\u00d3 I EN MAJ\u00daSCULES, per a nens m\u00e9s petits. * Aquesta col\u00b7lecci\u00f3 aposta per ensenyar les tradicions i llegendes catalanes als m\u00e9s petits a trav\u00e9s de l&#8217;entranyable personatge del Patufet.<\/p>\n<\/div>\n<\/div>\n<\/div>\n<\/div>\n","protected":false},"excerpt":{"rendered":"<p>AUTOR: Alba Cardalda<br \/>\nISBN: 9788413560410<br \/>\nEDICI\u00d3: 1a<br \/>\nENQUADERNACI\u00d3: Tapa dura<br \/>\nFORMAT: 14 cm x 21 cm<br \/>\nP\u00c0GINES: 24<br \/>\nIDIOMA: Catal\u00e0<\/p>\n","protected":false},"featured_media":44346,"template":"","meta":[],"product_cat":[47,18],"product_tag":[],"_links":{"self":[{"href":"https:\/\/www.vilaweb.cat\/botiga\/wp-json\/wp\/v2\/product\/44345"}],"collection":[{"href":"https:\/\/www.vilaweb.cat\/botiga\/wp-json\/wp\/v2\/product"}],"about":[{"href":"https:\/\/www.vilaweb.cat\/botiga\/wp-json\/wp\/v2\/types\/product"}],"wp:featuredmedia":[{"embeddable":true,"href":"https:\/\/www.vilaweb.cat\/botiga\/wp-json\/wp\/v2\/media\/44346"}],"wp:attachment":[{"href":"https:\/\/www.vilaweb.cat\/botiga\/wp-json\/wp\/v2\/media?parent=44345"}],"wp:term":[{"taxonomy":"product_cat","embeddable":true,"href":"https:\/\/www.vilaweb.cat\/botiga\/wp-json\/wp\/v2\/product_cat?post=44345"},{"taxonomy":"product_tag","embeddable":true,"href":"https:\/\/www.vilaweb.cat\/botiga\/wp-json\/wp\/v2\/product_tag?post=44345"}],"curies":[{"name":"wp","href":"https:\/\/api.w.org\/{rel}","templated":true}]}}