{"id":44321,"date":"2025-09-15T18:20:11","date_gmt":"2025-09-15T16:20:11","guid":{"rendered":"https:\/\/www.vilaweb.cat\/botiga\/?post_type=product&#038;p=44321"},"modified":"2026-01-16T16:55:07","modified_gmt":"2026-01-16T15:55:07","slug":"vehicle-electric-guia-dus-i-compra-per-a-tots-els-usuaris","status":"publish","type":"product","link":"https:\/\/www.vilaweb.cat\/botiga\/producte\/vehicle-electric-guia-dus-i-compra-per-a-tots-els-usuaris\/","title":{"rendered":"VEHICLE ELECTRIC. Guia d&#8217;us i compra per a tots els usuaris."},"content":{"rendered":"<p>La primera guia del vehicle el\u00e8ctric. Tot el que necessites saber com a usuari.<\/p>\n<p>L&#8217;evoluci\u00f3 que han tingut i la que s&#8217;espera que tinguin, els vehicles el\u00e8ctrics.<\/p>\n<p>Quina capacitat de bateries necessito? &#8211; S&#8217;incendien m\u00e9s els vehicles el\u00e8ctrics que els de combusti\u00f3? &#8211; Qu\u00e8 he de tenir en compte a l&#8217;hora d&#8217;adquirir un vehicle el\u00e8ctric? &#8211; Quins tipus de carregadors hi ha al mercat? &#8211; Hi ha prou materials al planeta per fabricar tots els vehicles el\u00e8ctrics que necessitarem?-Surt a compte el canvi a la mobilitat el\u00e8ctrica?-Quin impacte tenen les bateries? Es poden reciclar?- L&#8217;hidrogen \u00e9s una alternativa a les bateries el\u00e8ctriques, o podran conviure?<\/p>\n<p>Aquests i molts altres dubtes quedaran resolts en aquesta guia que t&#8217;aportar\u00e0 informaci\u00f3 i dades concretes sobre el vehicle el\u00e8ctric, tot desmuntant-ne els mites. La guia imprescindible per fer el pas cap a la mobilitat el\u00e8ctric.<\/p>\n<p>Amb pr\u00f2leg de Francesc Mauri.<\/p>\n","protected":false},"excerpt":{"rendered":"<p>AUTOR: Marc Belzunces<br \/>\nISBN: 9788412954623<br \/>\nEDICI\u00d3: 1a<br \/>\nENQUADERNACI\u00d3: Tapa r\u00fastica amb solapes<br \/>\nFORMAT: 14 cm x 21 cm<br \/>\nP\u00c0GINES: 210<br \/>\nIDIOMA: Catal\u00e0<\/p>\n","protected":false},"featured_media":44322,"template":"","meta":[],"product_cat":[42,18],"product_tag":[],"_links":{"self":[{"href":"https:\/\/www.vilaweb.cat\/botiga\/wp-json\/wp\/v2\/product\/44321"}],"collection":[{"href":"https:\/\/www.vilaweb.cat\/botiga\/wp-json\/wp\/v2\/product"}],"about":[{"href":"https:\/\/www.vilaweb.cat\/botiga\/wp-json\/wp\/v2\/types\/product"}],"wp:featuredmedia":[{"embeddable":true,"href":"https:\/\/www.vilaweb.cat\/botiga\/wp-json\/wp\/v2\/media\/44322"}],"wp:attachment":[{"href":"https:\/\/www.vilaweb.cat\/botiga\/wp-json\/wp\/v2\/media?parent=44321"}],"wp:term":[{"taxonomy":"product_cat","embeddable":true,"href":"https:\/\/www.vilaweb.cat\/botiga\/wp-json\/wp\/v2\/product_cat?post=44321"},{"taxonomy":"product_tag","embeddable":true,"href":"https:\/\/www.vilaweb.cat\/botiga\/wp-json\/wp\/v2\/product_tag?post=44321"}],"curies":[{"name":"wp","href":"https:\/\/api.w.org\/{rel}","templated":true}]}}