{"id":44139,"date":"2025-09-09T17:54:59","date_gmt":"2025-09-09T15:54:59","guid":{"rendered":"https:\/\/www.vilaweb.cat\/botiga\/?post_type=product&#038;p=44139"},"modified":"2026-04-17T18:49:38","modified_gmt":"2026-04-17T16:49:38","slug":"anima-de-republica","status":"publish","type":"product","link":"https:\/\/www.vilaweb.cat\/botiga\/producte\/anima-de-republica\/","title":{"rendered":"\u00c0nima de rep\u00fablica"},"content":{"rendered":"<p>La hist\u00f2ria pol\u00edtica a l\u2019arrel de la identitat catalana El 31 de maig de 1410 Mart\u00ed l\u2019Hum\u00e0 mor sense un hereu clar i provoca una p\u00e8rdua crucial. Mart\u00ed va ser l\u2019\u00faltim sobir\u00e0 catal\u00e0: la corona catalanoaragonesa passava a mans d\u2019un rei foraster, i el projecte castellanitzador posava la directa. Des d\u2019aleshores, la relaci\u00f3 de Catalunya amb Castella (despr\u00e9s, Espanya) ha estat una espiral sense fi de confrontaci\u00f3 i repressi\u00f3. Empresonaments, exili, espoli, persecuci\u00f3 lingu\u00a8\u00edstica i xoc rere xoc entre dues cultures pol\u00edtiques antag\u00f2niques. La derrota de 1714 va ser l\u00b4estocada final en uns segles de lluita i conflicte constants en qu\u00e8 el poble catal\u00e0 va deixar prou mostres del seu anhel de llibertat, la seva \u00e0nima de rep\u00fablica i la seva capacitat de recuperar-se de les pitjors atzagaiades. Aquest llibre repassa amb estil narratiu grans episodis i els protagonistes (des dels m\u00e9s c\u00e8lebres als m\u00e9s an\u00f2nims) de la cr\u00f2nica pol\u00edtica catalana d\u00b4aquests tres segles, que sovint s\u00f3n un mirall inquietant de la relaci\u00f3 actual entre Catalunya i Espanya.<\/p>\n","protected":false},"excerpt":{"rendered":"<p>AUTOR: Aleix Sarri<br \/>\nISBN: 9788410161801<br \/>\nEDICI\u00d3: 1a<br \/>\nENQUADERNACI\u00d3: Tapa r\u00fastica amb solapes<br \/>\nFORMAT: 14 cm x 21 cm<br \/>\nP\u00c0GINES: 432<br \/>\nIDIOMA: Catal\u00e0<\/p>\n","protected":false},"featured_media":44140,"template":"","meta":[],"product_cat":[42,18,423],"product_tag":[],"_links":{"self":[{"href":"https:\/\/www.vilaweb.cat\/botiga\/wp-json\/wp\/v2\/product\/44139"}],"collection":[{"href":"https:\/\/www.vilaweb.cat\/botiga\/wp-json\/wp\/v2\/product"}],"about":[{"href":"https:\/\/www.vilaweb.cat\/botiga\/wp-json\/wp\/v2\/types\/product"}],"wp:featuredmedia":[{"embeddable":true,"href":"https:\/\/www.vilaweb.cat\/botiga\/wp-json\/wp\/v2\/media\/44140"}],"wp:attachment":[{"href":"https:\/\/www.vilaweb.cat\/botiga\/wp-json\/wp\/v2\/media?parent=44139"}],"wp:term":[{"taxonomy":"product_cat","embeddable":true,"href":"https:\/\/www.vilaweb.cat\/botiga\/wp-json\/wp\/v2\/product_cat?post=44139"},{"taxonomy":"product_tag","embeddable":true,"href":"https:\/\/www.vilaweb.cat\/botiga\/wp-json\/wp\/v2\/product_tag?post=44139"}],"curies":[{"name":"wp","href":"https:\/\/api.w.org\/{rel}","templated":true}]}}