{"id":44014,"date":"2025-09-05T17:46:43","date_gmt":"2025-09-05T15:46:43","guid":{"rendered":"https:\/\/www.vilaweb.cat\/botiga\/?post_type=product&#038;p=44014"},"modified":"2026-01-28T18:47:01","modified_gmt":"2026-01-28T17:47:01","slug":"escenaris","status":"publish","type":"product","link":"https:\/\/www.vilaweb.cat\/botiga\/producte\/escenaris\/","title":{"rendered":"Escenaris"},"content":{"rendered":"<p>\u00abSegons ell a les estrelles no hi ha corrupci\u00f3, tot \u00e9s de foc, net i desinfectat. Deu ser que s\u00f3n lluny, penso jo, per\u00f2 \u00e9s igual, encara que sigui perqu\u00e8 s\u00f3n lluny t\u00e9 ra\u00f3\u00bb.<\/p>\n<p>&nbsp;<\/p>\n<p>Transporto, passejo les\u00a0paraules. Creixen a les muntanyes, respiren als\u00a0descampats, es dilueixen a l\u2019horitz\u00f3, es mullen\u00a0als rius i els pantans. Miro de reconnectar\u00a0el meu idioma amb el m\u00f3n, de recarregar\u00a0aquesta llengua mig morta. Abans, els actors\u00a0busc\u00e0vem la pron\u00fancia anant als pobles. Ara val\u00a0m\u00e9s no baixar del cotxe, de manera que busco\u00a0l\u2019expressivitat enfosquint l\u2019idioma als t\u00fanels\u00a0i fent-lo volar als ponts, refredant-lo a la neu i\u00a0salant-lo a la costa. Cremo les frases com si me\u00a0les fum\u00e9s. Aspiro el paisatge per inflamar-les.\u00a0Abaixo les finestres i recito amb l\u2019olor de la terra\u00a0i el blat despr\u00e9s de la sega, amb l\u2019amargor de la\u00a0fullaraca cremada o amb l\u2019aire carregat de les\u00a0tempestes d\u2019estiu. Exposo les paraules als llamps,\u00a0les enterro, les socarrimo al sol, les punxo amb\u00a0troncs carbonitzats despr\u00e9s de l\u2019incendi d\u2019un\u00a0bosc, les dono a mastegar als animals. Les\u00a0industrialitzo, les poligonitzo, les embruto als\u00a0abocadors i les sacrifico als escorxadors, les\u00a0refrego per terra, les deixo en remull com el meu\u00a0pare feia amb el bacall\u00e0.<\/p>\n<p>&nbsp;<\/p>\n<p>\u00abSala domina a la perfecci\u00f3 el llenguatge culte: si el llenguatge fos una fletxa i l\u2019expressi\u00f3 un blanc, els seus tirs farien tots diana\u00bb,\u00a0<strong>Joan Fl<\/strong><strong>ores Constans<\/strong><\/p>\n<p>\u00abAmb la sensibilitat social que el caracteritza, Sala dona veu a personatges que naufraguen, que abusen, que es deixen arrossegar, i tot aix\u00f2 amb un punt d\u2019humor negre i un excel\u00b7lent treball d\u2019escriptura\u00bb,\u00a0<strong>Val\u00e8ria Gaillard<\/strong><\/p>\n","protected":false},"excerpt":{"rendered":"<p>AUTOR: Toni Sala<br \/>\nISBN: 9791387672287<br \/>\nEDICI\u00d3: 1a<br \/>\nENQUADERNACI\u00d3: Tapa r\u00fastica amb solapes<br \/>\nFORMAT: 14 cm x 21 cm<br \/>\nP\u00c0GINES: 328<br \/>\nIDIOMA: Catal\u00e0<\/p>\n","protected":false},"featured_media":44015,"template":"","meta":[],"product_cat":[49,18],"product_tag":[],"_links":{"self":[{"href":"https:\/\/www.vilaweb.cat\/botiga\/wp-json\/wp\/v2\/product\/44014"}],"collection":[{"href":"https:\/\/www.vilaweb.cat\/botiga\/wp-json\/wp\/v2\/product"}],"about":[{"href":"https:\/\/www.vilaweb.cat\/botiga\/wp-json\/wp\/v2\/types\/product"}],"wp:featuredmedia":[{"embeddable":true,"href":"https:\/\/www.vilaweb.cat\/botiga\/wp-json\/wp\/v2\/media\/44015"}],"wp:attachment":[{"href":"https:\/\/www.vilaweb.cat\/botiga\/wp-json\/wp\/v2\/media?parent=44014"}],"wp:term":[{"taxonomy":"product_cat","embeddable":true,"href":"https:\/\/www.vilaweb.cat\/botiga\/wp-json\/wp\/v2\/product_cat?post=44014"},{"taxonomy":"product_tag","embeddable":true,"href":"https:\/\/www.vilaweb.cat\/botiga\/wp-json\/wp\/v2\/product_tag?post=44014"}],"curies":[{"name":"wp","href":"https:\/\/api.w.org\/{rel}","templated":true}]}}