{"id":43903,"date":"2025-09-03T17:28:11","date_gmt":"2025-09-03T15:28:11","guid":{"rendered":"https:\/\/www.vilaweb.cat\/botiga\/?post_type=product&#038;p=43903"},"modified":"2026-04-15T18:41:13","modified_gmt":"2026-04-15T16:41:13","slug":"prosa-de-combat","status":"publish","type":"product","link":"https:\/\/www.vilaweb.cat\/botiga\/producte\/prosa-de-combat\/","title":{"rendered":"Prosa de combat"},"content":{"rendered":"<p>\u00abSom, em sembla, un arc del pont que travessa el temps, el pilar que es dre\u00e7a en aquest moment perqu\u00e8 d\u2019altres, anys amunt, puguin continuar construint. Si un dia l\u2019obra s\u2019ha d\u2019interrompre definitivament, que no sigui ara. No volem ser els darrers\u00bb<\/p>\n<p>A banda de ser l\u2019escriptor amb m\u00e9s llorers i lectors de la seva generaci\u00f3, Manuel de Pedrolo (1918-1990) va ser durant anys el principal referent de l\u2019independentisme a la premsa catalana, cosa que no es pot deslligar de la seva recepci\u00f3 cr\u00edtica ni de com l\u2019hem pa\u00eft fins avui. L\u2019assagisme pol\u00edtic de Pedrolo ressenya vint-i-cinc anys decisius de la hist\u00f2ria del pa\u00eds, des de les primeres llumetes de recuperaci\u00f3 cultural dels anys seixanta fins als focs artificials de la candidatura de Barcelona 92. En aquest volum recuperem el primer assaig pol\u00edtic que va concebre l\u2019autor, censurat el 1966 i in\u00e8dit fins avui, i apleguem els seus millors articles, que en una part substancial tamb\u00e9 es publiquen per primera vegada.<\/p>\n","protected":false},"excerpt":{"rendered":"<h2><strong>Unitats de Sant Jordi per signar exhaurides.<\/strong><\/h2>\n<p>AUTOR: Manuel de Pedrolo \/ Pr\u00f2leg de J\u00falia Ojeda<\/p>\n<p>ISBN: 9788410161795<br \/>\nEDICI\u00d3: 1a<br \/>\nENQUADERNACI\u00d3: Tapa r\u00fastica amb solapes<br \/>\nFORMAT: 14 cm x 21 cm<br \/>\nP\u00c0GINES: 288<br \/>\nIDIOMA: Catal\u00e0<\/p>\n","protected":false},"featured_media":43904,"template":"","meta":[],"product_cat":[42,18,423],"product_tag":[],"_links":{"self":[{"href":"https:\/\/www.vilaweb.cat\/botiga\/wp-json\/wp\/v2\/product\/43903"}],"collection":[{"href":"https:\/\/www.vilaweb.cat\/botiga\/wp-json\/wp\/v2\/product"}],"about":[{"href":"https:\/\/www.vilaweb.cat\/botiga\/wp-json\/wp\/v2\/types\/product"}],"wp:featuredmedia":[{"embeddable":true,"href":"https:\/\/www.vilaweb.cat\/botiga\/wp-json\/wp\/v2\/media\/43904"}],"wp:attachment":[{"href":"https:\/\/www.vilaweb.cat\/botiga\/wp-json\/wp\/v2\/media?parent=43903"}],"wp:term":[{"taxonomy":"product_cat","embeddable":true,"href":"https:\/\/www.vilaweb.cat\/botiga\/wp-json\/wp\/v2\/product_cat?post=43903"},{"taxonomy":"product_tag","embeddable":true,"href":"https:\/\/www.vilaweb.cat\/botiga\/wp-json\/wp\/v2\/product_tag?post=43903"}],"curies":[{"name":"wp","href":"https:\/\/api.w.org\/{rel}","templated":true}]}}