{"id":43858,"date":"2025-09-02T19:26:07","date_gmt":"2025-09-02T17:26:07","guid":{"rendered":"https:\/\/www.vilaweb.cat\/botiga\/?post_type=product&#038;p=43858"},"modified":"2026-01-02T11:17:22","modified_gmt":"2026-01-02T10:17:22","slug":"fes-justicia-joc-de-taula","status":"publish","type":"product","link":"https:\/\/www.vilaweb.cat\/botiga\/producte\/fes-justicia-joc-de-taula\/","title":{"rendered":"Fes just\u00edcia. Joc de taula"},"content":{"rendered":"<div class=\"uncode_text_column\">\n<p>Ets de f\u00e0cil seduir amb fal\u00b7l\u00e0cies? O saps recon\u00e8ixer quan et venen una moto?\u00a0\u2028\u2028En aquest ecofestival has d\u2019esquivar l\u2019ecopostureig si no vols perdre\u2019t amb la propaganda dels que se la saben mooolt llarga per conv\u00e8nce\u2019t.<\/p>\n<p>Qu\u00e8 diries d\u2019aquesta afirmaci\u00f3, \u00e9s una Fal\u00b7l\u00e0cia, una Prova Nul\u00b7la o una Prova concloent? :<\/p>\n<p>\u201dEl menjar dels food trucks \u00e9s de km 0, per tant \u00e9s impossible que estigui en mal estat\u201d.<\/p>\n<p>Fes just\u00edcia!<\/p>\n<\/div>\n<div class=\"vc_custom_heading_wrap \">\n<div class=\"heading-text el-text\">\n<h3 class=\"h3\">Rols<\/h3>\n<\/div>\n<\/div>\n<div class=\"uncode_text_column\">\n<p>ACTIVISTA: la figura central per aconseguir desmuntar la farsa de l\u2019ecoblanqueig. Ha de trobar proves concloents per condemnar les multinacionals.<\/p>\n<p>ORGANITZADOR: ha d\u2019impedir que l\u2019activista acumuli prou proves.<\/p>\n<p>P\u00daBLIC: intenta ajudar l\u2019activista i aconseguir just\u00edcia clim\u00e0tica, per\u00f2 potser va massa torrat i no t\u00e9 proves prou bones o s\u2019ha cregut alguna fal\u00b7l\u00e0cia.<\/p>\n<p>&nbsp;<\/p>\n<p>Editorial: PonsVerhoog<\/p>\n<\/div>\n","protected":false},"excerpt":{"rendered":"<p>4 a 8 jugadors<\/p>\n<p>+13 anys<\/p>\n<p>10-15 minuts<\/p>\n","protected":false},"featured_media":43860,"template":"","meta":[],"product_cat":[307,59],"product_tag":[],"_links":{"self":[{"href":"https:\/\/www.vilaweb.cat\/botiga\/wp-json\/wp\/v2\/product\/43858"}],"collection":[{"href":"https:\/\/www.vilaweb.cat\/botiga\/wp-json\/wp\/v2\/product"}],"about":[{"href":"https:\/\/www.vilaweb.cat\/botiga\/wp-json\/wp\/v2\/types\/product"}],"wp:featuredmedia":[{"embeddable":true,"href":"https:\/\/www.vilaweb.cat\/botiga\/wp-json\/wp\/v2\/media\/43860"}],"wp:attachment":[{"href":"https:\/\/www.vilaweb.cat\/botiga\/wp-json\/wp\/v2\/media?parent=43858"}],"wp:term":[{"taxonomy":"product_cat","embeddable":true,"href":"https:\/\/www.vilaweb.cat\/botiga\/wp-json\/wp\/v2\/product_cat?post=43858"},{"taxonomy":"product_tag","embeddable":true,"href":"https:\/\/www.vilaweb.cat\/botiga\/wp-json\/wp\/v2\/product_tag?post=43858"}],"curies":[{"name":"wp","href":"https:\/\/api.w.org\/{rel}","templated":true}]}}