{"id":43855,"date":"2025-09-02T19:20:28","date_gmt":"2025-09-02T17:20:28","guid":{"rendered":"https:\/\/www.vilaweb.cat\/botiga\/?post_type=product&#038;p=43855"},"modified":"2026-04-16T21:15:57","modified_gmt":"2026-04-16T19:15:57","slug":"de-pellicula-joc-de-taula","status":"publish","type":"product","link":"https:\/\/www.vilaweb.cat\/botiga\/producte\/de-pellicula-joc-de-taula\/","title":{"rendered":"De pel\u00b7l\u00edcula. joc de taula"},"content":{"rendered":"<p><b>Combinant 120 cartes inventar\u00e0s les pel\u00b7l\u00edcules m\u00e9s incre\u00efbles.\u00a0<\/b><\/p>\n<p>Un joc narratiu i hilarant per a fer realitat les teves\u00a0<em>pelis<\/em>!<\/p>\n<p>Sou un col\u00b7lectiu d\u2019escriptors frustrats que us han encarregat una pel\u00b7l\u00edcula de g\u00e8nere. Per resoldre la controv\u00e8rsia de qui hauria de ser l\u2019autor del gui\u00f3 us disposeu a fer un torneig. L\u2019objectiu \u00e9s inventar les millors hist\u00f2ries i aconseguir el m\u00e0xim de vots i de punts per ser l\u2019escollit.<\/p>\n<p>A cada ronda, heu d\u2019inventar una pel\u00b7l\u00edcula amb les cartes que us han tocat i les cartes a la taula que dirigeixen el joc: g\u00e8nere de la pel\u00b7l\u00edcula i quantitat de cartes que podeu fer servir. Les arengades fan la traveta per\u00f2 tamb\u00e9 us poden beneficiar!<\/p>\n<p>&nbsp;<\/p>\n<p>Editorial: PonsVerhoog<\/p>\n","protected":false},"excerpt":{"rendered":"<p>3 a 6 jugadors<\/p>\n<p>+14 anys<\/p>\n<p>20-30 minuts<\/p>\n","protected":false},"featured_media":43857,"template":"","meta":[],"product_cat":[59,307],"product_tag":[],"_links":{"self":[{"href":"https:\/\/www.vilaweb.cat\/botiga\/wp-json\/wp\/v2\/product\/43855"}],"collection":[{"href":"https:\/\/www.vilaweb.cat\/botiga\/wp-json\/wp\/v2\/product"}],"about":[{"href":"https:\/\/www.vilaweb.cat\/botiga\/wp-json\/wp\/v2\/types\/product"}],"wp:featuredmedia":[{"embeddable":true,"href":"https:\/\/www.vilaweb.cat\/botiga\/wp-json\/wp\/v2\/media\/43857"}],"wp:attachment":[{"href":"https:\/\/www.vilaweb.cat\/botiga\/wp-json\/wp\/v2\/media?parent=43855"}],"wp:term":[{"taxonomy":"product_cat","embeddable":true,"href":"https:\/\/www.vilaweb.cat\/botiga\/wp-json\/wp\/v2\/product_cat?post=43855"},{"taxonomy":"product_tag","embeddable":true,"href":"https:\/\/www.vilaweb.cat\/botiga\/wp-json\/wp\/v2\/product_tag?post=43855"}],"curies":[{"name":"wp","href":"https:\/\/api.w.org\/{rel}","templated":true}]}}